{"id":3339,"date":"2026-03-26T11:53:48","date_gmt":"2026-03-26T11:53:48","guid":{"rendered":"https:\/\/gridix.live\/?page_id=3339"},"modified":"2026-03-26T13:41:26","modified_gmt":"2026-03-26T13:41:26","slug":"eula-gridix-widget-fur-bitrix24","status":"publish","type":"page","link":"https:\/\/gridix.live\/de\/eula-gridix-widget-fur-bitrix24\/","title":{"rendered":"LIZENZVEREINBARUNG F\u00dcR DIE NUTZUNG DES COMPUTERPROGRAMMS - GRIDIX"},"content":{"rendered":"<div data-elementor-type=\"wp-page\" data-elementor-id=\"3339\" class=\"elementor elementor-3339\" data-elementor-post-type=\"page\">\n\t\t\t\t<div class=\"elementor-element elementor-element-6558f6d0 e-flex e-con-boxed e-con e-parent\" data-id=\"6558f6d0\" data-element_type=\"container\" data-e-type=\"container\">\n\t\t\t\t\t<div class=\"e-con-inner\">\n\t\t\t\t<div class=\"elementor-element elementor-element-54598dd5 elementor-widget elementor-widget-text-editor\" data-id=\"54598dd5\" data-element_type=\"widget\" data-e-type=\"widget\" data-widget_type=\"text-editor.default\">\n\t\t\t\t\t\t\t\t\t<h1>LIZENZVEREINBARUNG<\/h1><h2>ZUR VERWENDUNG DES COMPUTERPROGRAMMS<\/h2><p>\u00abGRIDIX: Intelligenter Katalog \/ Schachbrettartige Darstellung von Objekten in einer Transaktion\u00bb<\/p><p>Sehr geehrter Nutzer! Bitte lesen Sie die Bedingungen dieser Vereinbarung sorgf\u00e4ltig durch, bevor Sie die Software installieren, kopieren oder anderweitig verwenden. Diese Vereinbarung entspricht dem Standardformular f\u00fcr einen Beitrittsvertrag und kann schriftlich oder in einer anderen, in der russischen Gesetzgebung festgelegten Form abgeschlossen werden. Wenn Sie den Bedingungen dieser Vereinbarung nicht zustimmen, d\u00fcrfen Sie die Software nicht verwenden. Durch die Installation, den Start oder die sonstige Nutzung der Software erkl\u00e4ren Sie sich mit allen Bedingungen dieser Vereinbarung und deren ordnungsgem\u00e4\u00dfer Durchf\u00fchrung gem\u00e4\u00df Artikel 1286 Absatz 3 des russischen Zivilgesetzbuches einverstanden.<\/p><p>Diese Vereinbarung ist rechtsverbindlich. Wenn Sie den Bedingungen nicht zustimmen, d\u00fcrfen Sie die Software nicht installieren und m\u00fcssen alle ihre Komponenten aus Ihrem Bitrix24-Portal entfernen.<\/p><p>Diese Lizenzvereinbarung (nachfolgend \u201eVereinbarung\u201c genannt) wird zwischen <strong>Dimpulse Tech Limited<\/strong> (nachfolgend Lizenzgeber genannt) und der Benutzer (jede nat\u00fcrliche Person, jeder Einzelunternehmer, jede juristische Person) des Computerprogramms \u00abGRIDIX: SMART CATALOG \/ Schachbrett der Objekte in einer Transaktion\u00bb (nachfolgend Software genannt).<\/p><h2>Grundbegriffe<\/h2><p><strong>VON<\/strong> \u2013 das Computerprogramm \u00abGRIDIX: SMART CATALOG \/ Schachbrett der Objekte in einer Transaktion\u00bb (sowohl als Ganzes als auch seine Komponenten), einschlie\u00dflich des Widgets, der API, der Integrationen und der zugeh\u00f6rigen Dienste, an denen die ausschlie\u00dflichen Rechte beim Lizenzgeber liegen.<\/p><p><strong>Demoversion der Software<\/strong> \u2013 eine Softwareversion mit funktionalen oder zeitlichen Einschr\u00e4nkungen, die ausschlie\u00dflich zu Pr\u00fcf- und Testzwecken bereitgestellt wird.<\/p><h2>1. Gegenstand der Vereinbarung<\/h2><p>1.1. Der Lizenzgeber gew\u00e4hrt dem Benutzer das Recht, die Software unter den Bedingungen einer einfachen (nicht-exklusiven) Lizenz zu verwenden, indem er sie in der Bitrix24-Umgebung installiert und nutzt.<\/p><p>1.2. Die Software wird als Gesamtl\u00f6sung lizenziert. Ihre Komponenten d\u00fcrfen nicht separat oder auf verschiedenen Portalen verwendet werden.<\/p><p>1.3. Diese Vereinbarung tritt mit Beginn der Nutzung der Software in Kraft und bleibt f\u00fcr die gesamte Dauer der Rechte des Lizenzgebers g\u00fcltig.<\/p><p>1.4. Die Software darf in jedem Land verwendet werden, sofern dem nicht durch geltendes Recht etwas anderes untersagt ist.<\/p><h2>2. Urheberrecht<\/h2><p>2.1. Die Software ist ein Gegenstand des geistigen Eigentums und ist durch internationales Recht gesch\u00fctzt.<\/p><p>2.2. Die Software kann Gesch\u00e4ftsgeheimnisse und vertrauliche Informationen des Lizenzgebers enthalten.<\/p><p>2.3. Jede Nutzung der Software unter Versto\u00df gegen die Bestimmungen dieser Vereinbarung wird als Verletzung der Rechte des Lizenzgebers angesehen.<\/p><p>2.4. Der Lizenzgeber best\u00e4tigt, dass er \u00fcber alle erforderlichen Rechte an der Software verf\u00fcgt.<\/p><h2>3. Nutzungsbedingungen und Einschr\u00e4nkungen<\/h2><p>3.1. Der Benutzer hat das Recht, eine installierte Kopie der Software innerhalb eines Bitrix24-Portals zu verwenden.<\/p><p>3.2. Der Nutzer hat kein Recht auf:<\/p><ul><li><p>die Software modifizieren, dekompilieren, disassemblieren;<\/p><\/li><li><p>die Software an Dritte weitergeben, verkaufen oder \u00fcbertragen;<\/p><\/li><li><p>die Software ohne die Erlaubnis des Lizenzgebers zum Vorteil Dritter zu nutzen;<\/p><\/li><li><p>Software unter Versto\u00df gegen geltendes Recht verwenden.<\/p><\/li><\/ul><p>3.3. Der Nutzer ist verpflichtet, Urheberrechtshinweise nicht zu entfernen.<\/p><h2>4. Verantwortlichkeiten der Parteien<\/h2><p>4.1. Die Parteien haften f\u00fcr jeden Versto\u00df gegen die Bestimmungen dieser Vereinbarung gem\u00e4\u00df dem anwendbaren Recht.<\/p><p>4.2. Der Lizenzgeber haftet nicht f\u00fcr:<\/p><ul><li><p>Gewinnverlust;<\/p><\/li><li><p>Datenverlust;<\/p><\/li><li><p>indirekte oder zuf\u00e4llige Sch\u00e4den.<\/p><\/li><\/ul><p>Die Software wird \u00abwie besehen\u00bb bereitgestellt.<\/p><h2>5. Eingeschr\u00e4nkte Garantie und technischer Support<\/h2><p>5.1. Der Lizenzgeber stellt den Nutzern technischen Support zur Verf\u00fcgung.<\/p><p>5.2. Regelungen zum technischen Support:<\/p><ul><li><p>Arbeitstage: Montag \u2013 Freitag<\/p><\/li><li><p>\u00d6ffnungszeiten: 10:00 \u2013 19:00 Uhr (UTC+4)<\/p><\/li><li><p>Supportkanal: <a href=\"mailto:support@gridix.live\">support@gridix.live<\/a><\/p><\/li><\/ul><p>5.3. Reaktionszeit auf Anfragen:<\/p><ul><li><p>Erste Antwort \u2013 bis zu 24 Stunden an Werktagen<\/p><\/li><\/ul><p>5.4. Software-Updates sind Bestandteil der Software und unterliegen diesem Vertrag.<\/p><p>5.5. Der Lizenzgeber \u00fcbernimmt keine Gew\u00e4hr f\u00fcr die Fehlerfreiheit und den ununterbrochenen Betrieb der Software.<\/p><p>5.6. Der Zeitrahmen f\u00fcr die Fehlerkorrektur kann nicht garantiert werden und h\u00e4ngt von der Komplexit\u00e4t der Aufgabe ab.<\/p><h2>6. G\u00fcltigkeit, \u00c4nderung und Beendigung<\/h2><p>6.1 Dieser Vertrag unterliegt dem Recht der Vereinigten Arabischen Emirate (VAE), sofern nicht gesetzlich etwas anderes vorgeschrieben ist.<\/p><p>6.2. Der Lizenzgeber hat das Recht, den Vertrag im Falle eines Versto\u00dfes gegen seine Bestimmungen zu k\u00fcndigen.<\/p><p>6.3. Nach Beendigung des Vertrags ist der Benutzer verpflichtet, die Nutzung der Software einzustellen und sie zu l\u00f6schen.<\/p><p>6.4. Der Benutzer hat das Recht, die Nutzung der Software jederzeit einzustellen.<\/p><p>6.5. Die Unwirksamkeit einzelner Bestimmungen ber\u00fchrt die Wirksamkeit des Vertrages im \u00dcbrigen nicht.<\/p><p>6.6. Die Vereinbarung gilt f\u00fcr alle Software-Updates.<\/p><h2>7. Kontaktinformationen<\/h2><p><strong>Unternehmen:<\/strong> Dimpulse Tech Limited<br \/><strong>Adresse:<\/strong> DIFC, Dubai, VAE<br \/><strong>E-Mail:<\/strong> <a href=\"mailto:info@gridix.live\">info@gridix.live<\/a><br \/><strong>Unterst\u00fctzung:<\/strong> <a href=\"mailto:support@gridix.live\">support@gridix.live<\/a><br \/><strong>Telefon:<\/strong> +971 54 297 0450<\/p>\t\t\t\t\t\t\t\t<\/div>\n\t\t\t\t\t<\/div>\n\t\t\t\t<\/div>\n\t\t\t\t<\/div>","protected":false},"excerpt":{"rendered":"<p>\u041b\u0418\u0426\u0415\u041d\u0417\u0418\u041e\u041d\u041d\u041e\u0415 \u0421\u041e\u0413\u041b\u0410\u0428\u0415\u041d\u0418\u0415 \u041d\u0410 \u0418\u0421\u041f\u041e\u041b\u042c\u0417\u041e\u0412\u0410\u041d\u0418\u0415 \u041f\u0420\u041e\u0413\u0420\u0410\u041c\u041c\u042b \u0414\u041b\u042f \u042d\u0412\u041c \u00abGRIDIX: SMART CATALOG \/ \u0428\u0430\u0445\u043c\u0430\u0442\u043a\u0430 \u043e\u0431\u044a\u0435\u043a\u0442\u043e\u0432 \u0432 \u0441\u0434\u0435\u043b\u043a\u0435\u00bb \u0423\u0432\u0430\u0436\u0430\u0435\u043c\u044b\u0439 \u041f\u043e\u043b\u044c\u0437\u043e\u0432\u0430\u0442\u0435\u043b\u044c! \u041f\u0435\u0440\u0435\u0434 \u043d\u0430\u0447\u0430\u043b\u043e\u043c \u0443\u0441\u0442\u0430\u043d\u043e\u0432\u043a\u0438, \u043a\u043e\u043f\u0438\u0440\u043e\u0432\u0430\u043d\u0438\u044f \u043b\u0438\u0431\u043e \u0438\u043d\u043e\u0433\u043e \u0438\u0441\u043f\u043e\u043b\u044c\u0437\u043e\u0432\u0430\u043d\u0438\u044f \u041f\u041e \u0432\u043d\u0438\u043c\u0430\u0442\u0435\u043b\u044c\u043d\u043e \u043e\u0437\u043d\u0430\u043a\u043e\u043c\u044c\u0442\u0435\u0441\u044c \u0441 \u0443\u0441\u043b\u043e\u0432\u0438\u044f\u043c\u0438 \u043d\u0430\u0441\u0442\u043e\u044f\u0449\u0435\u0433\u043e \u0421\u043e\u0433\u043b\u0430\u0448\u0435\u043d\u0438\u044f, \u044f\u0432\u043b\u044f\u044e\u0449\u0435\u0433\u043e\u0441\u044f \u0441\u0442\u0430\u043d\u0434\u0430\u0440\u0442\u043d\u043e\u0439 \u0444\u043e\u0440\u043c\u043e\u0439 \u0434\u043e\u0433\u043e\u0432\u043e\u0440\u0430 \u043f\u0440\u0438\u0441\u043e\u0435\u0434\u0438\u043d\u0435\u043d\u0438\u044f \u0438 \u0437\u0430\u043a\u043b\u044e\u0447\u0430\u0435\u043c\u043e\u0433\u043e \u0432 \u043f\u0438\u0441\u044c\u043c\u0435\u043d\u043d\u043e\u0439 \u0438\u043b\u0438 \u0438\u043d\u043e\u0439 \u0444\u043e\u0440\u043c\u0435, \u043f\u0440\u0435\u0434\u0443\u0441\u043c\u043e\u0442\u0440\u0435\u043d\u043d\u043e\u0439 \u0434\u0435\u0439\u0441\u0442\u0432\u0443\u044e\u0449\u0438\u043c \u0437\u0430\u043a\u043e\u043d\u043e\u0434\u0430\u0442\u0435\u043b\u044c\u0441\u0442\u0432\u043e\u043c \u0420\u043e\u0441\u0441\u0438\u0439\u0441\u043a\u043e\u0439 \u0424\u0435\u0434\u0435\u0440\u0430\u0446\u0438\u0438. \u0415\u0441\u043b\u0438 \u0432\u044b \u043d\u0435 \u0441\u043e\u0433\u043b\u0430\u0441\u043d\u044b \u0441 \u0443\u0441\u043b\u043e\u0432\u0438\u044f\u043c\u0438 \u043d\u0430\u0441\u0442\u043e\u044f\u0449\u0435\u0433\u043e [&hellip;]<\/p>","protected":false},"author":3,"featured_media":0,"parent":0,"menu_order":0,"comment_status":"closed","ping_status":"closed","template":"","meta":{"footnotes":""},"class_list":["post-3339","page","type-page","status-publish","hentry"],"_hostinger_reach_plugin_has_subscription_block":false,"_hostinger_reach_plugin_is_elementor":false,"_links":{"self":[{"href":"https:\/\/gridix.live\/de\/wp-json\/wp\/v2\/pages\/3339","targetHints":{"allow":["GET"]}}],"collection":[{"href":"https:\/\/gridix.live\/de\/wp-json\/wp\/v2\/pages"}],"about":[{"href":"https:\/\/gridix.live\/de\/wp-json\/wp\/v2\/types\/page"}],"author":[{"embeddable":true,"href":"https:\/\/gridix.live\/de\/wp-json\/wp\/v2\/users\/3"}],"replies":[{"embeddable":true,"href":"https:\/\/gridix.live\/de\/wp-json\/wp\/v2\/comments?post=3339"}],"version-history":[{"count":8,"href":"https:\/\/gridix.live\/de\/wp-json\/wp\/v2\/pages\/3339\/revisions"}],"predecessor-version":[{"id":3347,"href":"https:\/\/gridix.live\/de\/wp-json\/wp\/v2\/pages\/3339\/revisions\/3347"}],"wp:attachment":[{"href":"https:\/\/gridix.live\/de\/wp-json\/wp\/v2\/media?parent=3339"}],"curies":[{"name":"wp","href":"https:\/\/api.w.org\/{rel}","templated":true}]}}