{"id":2140,"date":"2026-01-28T09:06:17","date_gmt":"2026-01-28T09:06:17","guid":{"rendered":"https:\/\/gridix.live\/?page_id=2140"},"modified":"2026-02-19T07:45:20","modified_gmt":"2026-02-19T07:45:20","slug":"oferta","status":"publish","type":"page","link":"https:\/\/gridix.live\/es\/oferta\/","title":{"rendered":"Acuerdo de oferta"},"content":{"rendered":"<div data-elementor-type=\"wp-page\" data-elementor-id=\"2140\" class=\"elementor elementor-2140\" data-elementor-post-type=\"page\">\n\t\t\t\t<div class=\"elementor-element elementor-element-6558f6d0 e-flex e-con-boxed e-con e-parent\" data-id=\"6558f6d0\" data-element_type=\"container\" data-e-type=\"container\">\n\t\t\t\t\t<div class=\"e-con-inner\">\n\t\t\t\t<div class=\"elementor-element elementor-element-54598dd5 elementor-widget elementor-widget-text-editor\" data-id=\"54598dd5\" data-element_type=\"widget\" data-e-type=\"widget\" data-widget_type=\"text-editor.default\">\n\t\t\t\t\t\t\t\t\t<p>\u00a1Bienvenido a la plataforma GRIDIX!<\/p><p>Ya que acaba de acceder a nuestros t\u00e9rminos de servicio, t\u00f3mese un momento, prep\u00e1rese un caf\u00e9 o t\u00e9 y lea atentamente las siguientes p\u00e1ginas. Le llevar\u00e1 aproximadamente 20 minutos.<\/p><p><span dir=\"auto\">Estos t\u00e9rminos y condiciones se aplican a todos los visitantes, usuarios y otras personas que deseen acceder o utilizar la plataforma GRIDIX.<\/span><\/p><p class=\"framer-text framer-styles-preset-shfang\"><span dir=\"auto\">Usted reconoce que ha le\u00eddo y comprendido el Acuerdo de Oferta P\u00fablica y la Pol\u00edtica de Privacidad y acepta cumplirlos.<\/span><\/p><p class=\"framer-text framer-styles-preset-shfang\"><span dir=\"auto\">Si no est\u00e1 de acuerdo con los t\u00e9rminos (o no puede cumplirlos), no podr\u00e1 utilizar la plataforma GRIDIX. En ese caso, le rogamos que nos lo notifique por correo electr\u00f3nico a <a href=\"mailto:info@gridix.live\">info@gridix.live<\/a><\/span><span dir=\"auto\">, para que podamos intentar encontrar una soluci\u00f3n.\u00a0<\/span><\/p><p class=\"framer-text framer-styles-preset-shfang\"><span dir=\"auto\">Gracias por su responsabilidad.<\/span><\/p><h3>Oferta p\u00fablica de GRIDIX<\/h3><p>sobre el acceso a la plataforma GRIDIX (versi\u00f3n 1.0)<\/p><p><strong>Fecha de publicaci\u00f3n \/ \u00faltima actualizaci\u00f3n:<\/strong> 22 de enero de 2026.<\/p><hr \/><h5><strong>1. Disposiciones generales<\/strong><\/h5><p>1.1. Este documento constituye una propuesta oficial (oferta p\u00fablica) de la empresa. <strong>GRIDIX<\/strong> (en adelante denominados como <em>Compa\u00f1\u00eda<\/em>) celebrar un acuerdo en los t\u00e9rminos y condiciones que se establecen a continuaci\u00f3n con cualquier persona f\u00edsica o jur\u00eddica capaz (en adelante denominada <em>Usuario<\/em>).<\/p><p>1.2. La aceptaci\u00f3n de esta Oferta se considerar\u00e1 cualquiera de las siguientes acciones:<\/p><ul><li>Registro de usuario en la plataforma GRIDIX;<\/li><li>pago de suscripci\u00f3n;<\/li><li>uso real de la funcionalidad de la plataforma GRIDIX.<\/li><\/ul><p>1.3. Desde el momento de la aceptaci\u00f3n de la Oferta, el contrato se considera celebrado en formato electr\u00f3nico y no requiere firma en papel.<\/p><hr \/><h5><strong>2. T\u00e9rminos y definiciones<\/strong><\/h5><p><strong>Plataforma GRIDIX<\/strong> \u2014 un paquete de software (SaaS), que incluye una interfaz web, aplicaciones m\u00f3viles, API y m\u00f3dulos de IA, dise\u00f1ado para automatizar los procesos de ventas, el soporte de transacciones y los servicios en el sector inmobiliario, servicios GRIDIX en dominios <b class=\"bold\">gridix.live<\/b> \u0438 <b class=\"bold\">aplicaci\u00f3n.gridix.live<\/b>, as\u00ed como sus versiones ling\u00fc\u00edsticas y subdominios.<\/p><p>Los derechos exclusivos (propiedad intelectual) de la Plataforma GRIDIX (nombre, t\u00edtulo, algoritmos de software y c\u00f3digos de la Plataforma) pertenecen a Gridixlive LLC y est\u00e1n protegidos por derechos de autor, marca registrada y derechos de propiedad intelectual del derecho internacional.\u00a0<\/p><p><strong>Usuario<\/strong> \u2014 una persona f\u00edsica o jur\u00eddica que haya registrado y\/o utilice la funcionalidad de la Plataforma GRIDIX.<\/p><p><strong>Desarrollador \/ Agente \/ Agencia \/ Cliente<\/strong> \u2014 categor\u00edas de Usuarios que operan dentro de la Plataforma GRIDIX, mientras que GRIDIX no determina ni controla sus relaciones entre s\u00ed.<\/p><p><strong>Contenido<\/strong> \u2014 cualquier dato, material, objeto inmobiliario, documento, imagen, texto, etc., cargado por los Usuarios.<\/p><p><strong>Suscripci\u00f3n<\/strong> \u2014 provisi\u00f3n de acceso pago a la funcionalidad de la Plataforma GRIDIX por un per\u00edodo espec\u00edfico.<\/p><p><strong>M\u00f3dulos de IA<\/strong> \u2014 algoritmos y herramientas automatizadas para el an\u00e1lisis y recomendaciones utilizadas en la Plataforma GRIDIX.<\/p><hr \/><h5><strong>3. Objeto del contrato<\/strong><\/h5><p>3.1. La Compa\u00f1\u00eda proporciona al Usuario acceso a la Plataforma GRIDIX de acuerdo con el plan tarifario seleccionado (un derecho no exclusivo, intransferible e intransferible de ninguna forma, por tiempo limitado, para usar la Plataforma GRIDIX).<\/p><p>3.2. La plataforma GRIDIX proporciona herramientas:<\/p><ul><li>Gesti\u00f3n inmobiliaria (tablero de ajedrez interactivo, etc.);<\/li><li>escaparates y presentaciones digitales;<\/li><li>soporte t\u00e9cnico al Usuario;<\/li><li>an\u00e1lisis e informes;<\/li><li>automatizaci\u00f3n de procesos;<\/li><li>Recomendaciones de IA.<\/li><\/ul><p>3.3. GRIDIX no proporciona servicios inmobiliarios, legales, financieros o de inversi\u00f3n.<strong><br \/><\/strong><\/p><p>3.4. <strong>\u00a1IMPORTANTE! La Empresa no se responsabiliza de la exactitud de los datos ni del contenido publicado por los Usuarios, ni de la jurisdicci\u00f3n legal, ni de la legitimidad o validez de la informaci\u00f3n publicada. No verifica la jurisdicci\u00f3n de los Usuarios ni sus propiedades. Para prevenir actividades ilegales, fraudulentas o delictivas, terceros (clientes) asumen la responsabilidad de verificar el cumplimiento legal y solicitar la documentaci\u00f3n de respaldo necesaria a los Usuarios de la plataforma GRIDIX.<\/strong><\/p><hr \/><h5><strong>4. Estado y exenci\u00f3n de responsabilidad de GRIDIX<\/strong><\/h5><p>4.1 GRIDIX es exclusivamente <strong>plataforma tecnol\u00f3gica<\/strong> y proveedor de software.<\/p><p>4.2. GRIDIX <strong>no es<\/strong>:<\/p><ul><li>parte en transacciones inmobiliarias;<\/li><li>agente, corredor, representante o apoderado de los Usuarios;<\/li><li>vendedor, promotor o comprador de bienes inmuebles;<\/li><li>intermediario financiero o de pagos.<\/li><\/ul><p>4.3. Todas las transacciones, liquidaciones, contratos y obligaciones surgen <strong>exclusivamente entre Usuarios y terceros<\/strong>, sin la participaci\u00f3n de GRIDIX.<\/p><hr \/><h5><strong>5. Registro y cuenta<\/strong><\/h5><p>5.1. El Usuario se compromete a proporcionar informaci\u00f3n veraz al registrarse.\u00a0<\/p><p>5.2. El Usuario es plenamente responsable de la seguridad de los datos de su cuenta.<\/p><p>5.3. La Compa\u00f1\u00eda tiene derecho a:<\/p><ul><li>suspender el acceso;<\/li><li>limitar la funcionalidad;<\/li><li>bloquear o eliminar una cuenta si se violan los t\u00e9rminos de la Oferta o la ley.<\/li><\/ul><hr \/><h5><strong>6. Contenido y datos del usuario<\/strong><\/h5><p>6.1. El Usuario publica el Contenido de forma independiente y garantiza la disponibilidad de los derechos para su uso.<\/p><p>6.2. GRIDIX no realiza una verificaci\u00f3n preliminar de la autenticidad del Contenido.<\/p><p>6.3. El Usuario es plenamente responsable de:<\/p><ul><li>precisi\u00f3n de los datos;<\/li><li>la seguridad de su nombre de usuario y contrase\u00f1a y el acceso no autorizado a su cuenta en la Plataforma GRIDIX;<\/li><li>cumplimiento de la legislaci\u00f3n;<\/li><li>violaci\u00f3n de los derechos de terceros.<\/li><\/ul><p>6.4. GRIDIX se reserva el derecho de eliminar Contenido que viole los t\u00e9rminos de la Oferta o los requisitos legales.<\/p><p>6.5. El Usuario confirma el derecho de la Compa\u00f1\u00eda a utilizar su logotipo y otros datos para su colocaci\u00f3n en la Plataforma GRIDIX y en otros materiales y eventos de marketing con fines publicitarios.<\/p><hr \/><h5><strong>7. M\u00f3dulos de IA y recomendaciones autom\u00e1ticas<\/strong><\/h5><p>7.1. Los m\u00f3dulos de IA proporcionan recomendaciones <strong>s\u00f3lo con fines informativos<\/strong>.<\/p><p>7.2. Resultados del trabajo de IA:<\/p><ul><li>no constituyen asesoramiento legal, financiero o de inversi\u00f3n;<\/li><li>No garantizamos resultados comerciales.<\/li><\/ul><p>7.3. El usuario y terceros toman decisiones <strong>por cuenta propia<\/strong> y bajo su propio riesgo.<\/p><hr \/><h5><strong>8. Suscripci\u00f3n, tarifas y pago<\/strong><\/h5><p>8.1. El acceso a la Plataforma GRIDIX se proporciona mediante una suscripci\u00f3n de pago.<\/p><p>8.2. Las tarifas vigentes se publican en la Plataforma GRIDIX. Cualquier cambio en el precio de la Suscripci\u00f3n entrar\u00e1 en vigor al final del per\u00edodo de facturaci\u00f3n actual.<\/p><p>8.3. El pago de la Suscripci\u00f3n se realiza por adelantado.<\/p><p>8.4. <span style=\"font-weight: 400;\">Los reembolsos se rigen por la Pol\u00edtica de reembolsos publicada en la plataforma de la Compa\u00f1\u00eda.<\/span><\/p><p>8.5. La Compa\u00f1\u00eda podr\u00e1 proporcionar servicios adicionales en la Plataforma GRIDIX para los procesos t\u00e9cnicos internos del Usuario. Dichos servicios son proporcionados por la Compa\u00f1\u00eda con un coste adicional.<\/p><hr \/><h5><strong>9. Limitaci\u00f3n de responsabilidad<\/strong><\/h5><p>9.1 La plataforma GRIDIX se proporciona sobre una base contractual <strong>\u201cTAL CUAL\u201d<\/strong> (&quot;tal como est\u00e1&quot;).<\/p><p>9.2. GRIDIX no garantiza:<\/p><ul><li>funcionamiento ininterrumpido;<\/li><li>ausencia de errores;<\/li><li>lograr resultados financieros o comerciales.<\/li><\/ul><p>9.3. La responsabilidad m\u00e1xima de GRIDIX se limita al importe efectivamente pagado por el Usuario por la Suscripci\u00f3n correspondiente al \u00faltimo periodo de pago. No se reembolsar\u00e1 el lucro cesante.\u00a0<\/p><p>9.4. La Compa\u00f1\u00eda podr\u00e1 suspender el funcionamiento de la Plataforma GRIDIX para realizar trabajos de mantenimiento y reparaci\u00f3n, programados o no programados, necesarios.<\/p><hr \/><h5><strong>10. Fuerza mayor<\/strong><\/h5><p>10.1. GRIDIX quedar\u00e1 exonerado de responsabilidad por el incumplimiento de sus obligaciones debido a circunstancias de fuerza mayor, incluyendo, entre otras:<\/p><ul><li>acciones de los organismos gubernamentales;<\/li><li>sanciones;<\/li><li>fallas de infraestructura;<\/li><li>guerras, epidemias, cortes de servicios.<\/li><\/ul><hr \/><h5><strong>11. Datos personales y privacidad<\/strong><\/h5><p>11.1. Los datos personales se procesan de acuerdo con la Pol\u00edtica de Privacidad de GRIDIX.<\/p><p>11.2. El Usuario y terceros acuerdan la transferencia transfronteriza de datos.<\/p><hr \/><h5><strong>12. Plazo y terminaci\u00f3n<\/strong><\/h5><p>12.1. El Acuerdo es v\u00e1lido desde el momento de su aceptaci\u00f3n hasta la finalizaci\u00f3n del uso de la Plataforma GRIDIX, en lo que respecta al tratamiento de datos, de conformidad con la Pol\u00edtica de Privacidad.<\/p><p>12.2. GRIDIX tiene el derecho de rescindir el acuerdo unilateralmente en caso de violaci\u00f3n de los t\u00e9rminos de la Oferta.<\/p><hr \/><h5><strong>13. Ley aplicable y jurisdicci\u00f3n<\/strong><\/h5><p>13.1. Esta Oferta est\u00e1 sujeta a <strong>Ley de los Emiratos \u00c1rabes Unidos (EAU)<\/strong>.<\/p><p>13.2. Todas las disputas se resolver\u00e1n en los tribunales competentes, a discreci\u00f3n de la Compa\u00f1\u00eda.<\/p><p>13.3. Los documentos\/materiales\/correspondencia electr\u00f3nicos y otros intercambios de informaci\u00f3n tienen fuerza legal.<\/p><hr \/><h5><strong>14. Cambios\u00a0<\/strong><\/h5><p>La Compa\u00f1\u00eda se reserva el derecho de modificar unilateralmente los t\u00e9rminos de la Oferta y sus tarifas. La versi\u00f3n actual se publica en la plataforma GRIDIX. El uso continuado de la plataforma GRIDIX constituye la aceptaci\u00f3n incondicional del Usuario a la nueva versi\u00f3n.<\/p><hr \/><h5><strong>15. Informaci\u00f3n de contacto<\/strong><\/h5><p><strong>Operador (Controlador\/Operador):<\/strong> Dimpulse Tech Limited<br \/><strong>DIRECCI\u00d3N:<\/strong> Gate Avenue, Centro Financiero Internacional de Dub\u00e1i (DIFC), Dub\u00e1i, Emiratos \u00c1rabes Unidos<br \/><strong>N\u00famero de licencia:<\/strong> CL9051<br \/><strong>N\u00famero de registro y fecha de registro:<\/strong> 9051, 29 de agosto de 2024<br \/><strong>N\u00famero de Registro Tributario (TRN):<\/strong> 104741389100001<br \/><strong>Correo electr\u00f3nico para consultas:<\/strong> <a href=\"mailto:info@gridix.live\">info@gridix.live<\/a><br \/><strong>Tel\u00e9fono:<\/strong> +971 54 297 0450<br \/><strong>Director:<\/strong> Davydov Denis Yuryevich<\/p><h5>\u00a0\u00a0<\/h5>\t\t\t\t\t\t\t\t<\/div>\n\t\t\t\t\t<\/div>\n\t\t\t\t<\/div>\n\t\t\t\t<\/div>","protected":false},"excerpt":{"rendered":"<p>\u0414\u043e\u0431\u0440\u043e \u043f\u043e\u0436\u0430\u043b\u043e\u0432\u0430\u0442\u044c \u043d\u0430 \u043f\u043b\u0430\u0442\u0444\u043e\u0440\u043c\u0443 GRIDIX! \u041f\u043e\u0441\u043a\u043e\u043b\u044c\u043a\u0443 \u0432\u044b \u0442\u043e\u043b\u044c\u043a\u043e \u0447\u0442\u043e \u043f\u0435\u0440\u0435\u0448\u043b\u0438 \u043f\u043e \u0441\u0441\u044b\u043b\u043a\u0435 \u043d\u0430 \u043d\u0430\u0448\u0438 \u0443\u0441\u043b\u043e\u0432\u0438\u044f \u043f\u0440\u0435\u0434\u043e\u0441\u0442\u0430\u0432\u043b\u0435\u043d\u0438\u044f \u0443\u0441\u043b\u0443\u0433, \u043f\u043e\u0436\u0430\u043b\u0443\u0439\u0441\u0442\u0430, \u0441\u0434\u0435\u043b\u0430\u0439\u0442\u0435 \u043f\u0430\u0443\u0437\u0443, \u0432\u043e\u0437\u044c\u043c\u0438\u0442\u0435 \u0447\u0430\u0448\u043a\u0443 \u043a\u043e\u0444\u0435\/\u0447\u0430\u044f \u0438 \u0432\u043d\u0438\u043c\u0430\u0442\u0435\u043b\u044c\u043d\u043e \u043f\u0440\u043e\u0447\u0438\u0442\u0430\u0439\u0442\u0435 \u0441\u043b\u0435\u0434\u0443\u044e\u0449\u0438\u0435 \u0441\u0442\u0440\u0430\u043d\u0438\u0446\u044b. \u042d\u0442\u043e \u0437\u0430\u0439\u043c\u0435\u0442 \u0443 \u0432\u0430\u0441 \u043f\u0440\u0438\u0431\u043b\u0438\u0437\u0438\u0442\u0435\u043b\u044c\u043d\u043e 20 \u043c\u0438\u043d\u0443\u0442. \u041d\u0430\u0441\u0442\u043e\u044f\u0449\u0438\u0435 \u0443\u0441\u043b\u043e\u0432\u0438\u044f \u043f\u0440\u0438\u043c\u0435\u043d\u044f\u044e\u0442\u0441\u044f \u043a\u043e \u0432\u0441\u0435\u043c \u043f\u043e\u0441\u0435\u0442\u0438\u0442\u0435\u043b\u044f\u043c, \u043f\u043e\u043b\u044c\u0437\u043e\u0432\u0430\u0442\u0435\u043b\u044f\u043c \u0438 \u0434\u0440\u0443\u0433\u0438\u043c \u043b\u0438\u0446\u0430\u043c, \u0436\u0435\u043b\u0430\u044e\u0449\u0438\u043c \u043f\u043e\u043b\u0443\u0447\u0438\u0442\u044c \u0434\u043e\u0441\u0442\u0443\u043f \u043a \u043f\u043b\u0430\u0442\u0444\u043e\u0440\u043c\u0435 GRIDIX \u0438\u043b\u0438 \u0438\u0441\u043f\u043e\u043b\u044c\u0437\u043e\u0432\u0430\u0442\u044c \u0435\u0435. \u0412\u044b [&hellip;]<\/p>","protected":false},"author":2,"featured_media":0,"parent":0,"menu_order":0,"comment_status":"closed","ping_status":"closed","template":"","meta":{"footnotes":""},"class_list":["post-2140","page","type-page","status-publish","hentry"],"_hostinger_reach_plugin_has_subscription_block":false,"_hostinger_reach_plugin_is_elementor":false,"_links":{"self":[{"href":"https:\/\/gridix.live\/es\/wp-json\/wp\/v2\/pages\/2140","targetHints":{"allow":["GET"]}}],"collection":[{"href":"https:\/\/gridix.live\/es\/wp-json\/wp\/v2\/pages"}],"about":[{"href":"https:\/\/gridix.live\/es\/wp-json\/wp\/v2\/types\/page"}],"author":[{"embeddable":true,"href":"https:\/\/gridix.live\/es\/wp-json\/wp\/v2\/users\/2"}],"replies":[{"embeddable":true,"href":"https:\/\/gridix.live\/es\/wp-json\/wp\/v2\/comments?post=2140"}],"version-history":[{"count":97,"href":"https:\/\/gridix.live\/es\/wp-json\/wp\/v2\/pages\/2140\/revisions"}],"predecessor-version":[{"id":2790,"href":"https:\/\/gridix.live\/es\/wp-json\/wp\/v2\/pages\/2140\/revisions\/2790"}],"wp:attachment":[{"href":"https:\/\/gridix.live\/es\/wp-json\/wp\/v2\/media?parent=2140"}],"curies":[{"name":"wp","href":"https:\/\/api.w.org\/{rel}","templated":true}]}}