{"id":3339,"date":"2026-03-26T11:53:48","date_gmt":"2026-03-26T11:53:48","guid":{"rendered":"https:\/\/gridix.live\/?page_id=3339"},"modified":"2026-03-26T13:41:26","modified_gmt":"2026-03-26T13:41:26","slug":"widget-eula-gridix-para-bitrix24","status":"publish","type":"page","link":"https:\/\/gridix.live\/es\/widget-eula-gridix-para-bitrix24\/","title":{"rendered":"ACUERDO DE LICENCIA PARA EL USO DEL PROGRAMA INFORM\u00c1TICO GRIDIX"},"content":{"rendered":"<div data-elementor-type=\"wp-page\" data-elementor-id=\"3339\" class=\"elementor elementor-3339\" data-elementor-post-type=\"page\">\n\t\t\t\t<div class=\"elementor-element elementor-element-6558f6d0 e-flex e-con-boxed e-con e-parent\" data-id=\"6558f6d0\" data-element_type=\"container\" data-e-type=\"container\">\n\t\t\t\t\t<div class=\"e-con-inner\">\n\t\t\t\t<div class=\"elementor-element elementor-element-54598dd5 elementor-widget elementor-widget-text-editor\" data-id=\"54598dd5\" data-element_type=\"widget\" data-e-type=\"widget\" data-widget_type=\"text-editor.default\">\n\t\t\t\t\t\t\t\t\t<h1>ACUERDO DE LICENCIA<\/h1><h2>PARA EL USO DEL PROGRAMA INFORM\u00c1TICO<\/h2><p>\u00abGRIDIX: CAT\u00c1LOGO INTELIGENTE \/ Tablero de ajedrez de objetos en una transacci\u00f3n\u00bb<\/p><p>Estimado usuario: Antes de instalar, copiar o utilizar el software, lea atentamente los t\u00e9rminos de este Acuerdo, que constituye el modelo est\u00e1ndar de acuerdo de adhesi\u00f3n y puede formalizarse por escrito o mediante cualquier otro documento previsto por la legislaci\u00f3n vigente de la Federaci\u00f3n de Rusia. Si no acepta los t\u00e9rminos de este Acuerdo, no podr\u00e1 utilizar el software. La instalaci\u00f3n, ejecuci\u00f3n o cualquier otro uso del software implica la aceptaci\u00f3n plena de todos los t\u00e9rminos de este Acuerdo y su correcta ejecuci\u00f3n, de conformidad con el p\u00e1rrafo 3 del art\u00edculo 1286 del C\u00f3digo Civil de la Federaci\u00f3n de Rusia.<\/p><p>Este Acuerdo es legalmente vinculante. Si no acepta sus t\u00e9rminos, no podr\u00e1 instalar el Software y deber\u00e1 eliminar todos sus componentes de su portal Bitrix24.<\/p><p>Este Contrato de Licencia (en adelante, el Contrato) se celebra entre <strong>Dimpulse Tech Limited<\/strong> (en adelante, el Licenciante) y el Usuario (cualquier persona f\u00edsica, empresario individual o entidad jur\u00eddica) del programa inform\u00e1tico \u00abGRIDIX: CAT\u00c1LOGO INTELIGENTE \/ Tablero de ajedrez de objetos en una transacci\u00f3n\u00bb (en adelante, el software).<\/p><h2>T\u00e9rminos b\u00e1sicos<\/h2><p><strong>POR<\/strong> \u2013 el programa inform\u00e1tico \u00abGRIDIX: SMART CATALOG \/ Tablero de ajedrez de objetos en una transacci\u00f3n\u00bb (tanto en su conjunto como en sus componentes), incluyendo el widget, la API, las integraciones y los servicios relacionados, cuyos derechos exclusivos pertenecen al Licenciante.<\/p><p><strong>Versi\u00f3n de demostraci\u00f3n del software<\/strong> \u2013 una versi\u00f3n de software con limitaciones funcionales o de tiempo, proporcionada \u00fanicamente con fines de revisi\u00f3n y prueba.<\/p><h2>1. Objeto del Acuerdo<\/h2><p>1.1. El Licenciante otorga al Usuario el derecho a utilizar el Software bajo los t\u00e9rminos de una licencia simple (no exclusiva) al instalarlo y usarlo en el entorno Bitrix24.<\/p><p>1.2. El software se licencia como una soluci\u00f3n \u00fanica. Sus componentes no pueden utilizarse por separado ni en diferentes portales.<\/p><p>1.3. El presente Acuerdo entrar\u00e1 en vigor al comenzar el uso del Software y permanecer\u00e1 v\u00e1lido durante toda la vigencia de los derechos del Licenciante.<\/p><p>1.4. El software puede utilizarse en cualquier pa\u00eds, a menos que lo proh\u00edba la legislaci\u00f3n aplicable.<\/p><h2>2. Derechos de autor<\/h2><p>2.1. El software es objeto de propiedad intelectual y est\u00e1 protegido por el derecho internacional.<\/p><p>2.2. El Software puede contener secretos comerciales e informaci\u00f3n confidencial del Licenciante.<\/p><p>2.3. Cualquier uso del Software que viole los t\u00e9rminos de este Acuerdo se considerar\u00e1 una violaci\u00f3n de los derechos del Licenciante.<\/p><p>2.4. El Licenciante confirma que posee todos los derechos necesarios sobre el Software.<\/p><h2>3. Condiciones de uso y restricciones<\/h2><p>3.1. El Usuario tiene derecho a utilizar una copia instalada del Software dentro de un portal Bitrix24.<\/p><p>3.2. El Usuario no tiene derecho a:<\/p><ul><li><p>modificar, descompilar, desensamblar el software;<\/p><\/li><li><p>distribuir, vender o transferir el software a terceros;<\/p><\/li><li><p>utilizar el software en beneficio de terceros sin el permiso del Licenciante;<\/p><\/li><li><p>utilizar software infringiendo la ley.<\/p><\/li><\/ul><p>3.3. El Usuario est\u00e1 obligado a no eliminar los avisos de derechos de autor.<\/p><h2>4. Responsabilidades de las partes<\/h2><p>4.1. Las partes ser\u00e1n responsables de cualquier violaci\u00f3n de los t\u00e9rminos del Acuerdo de conformidad con la ley aplicable.<\/p><p>4.2. El Licenciante no ser\u00e1 responsable de:<\/p><ul><li><p>p\u00e9rdida de beneficios;<\/p><\/li><li><p>p\u00e9rdida de datos;<\/p><\/li><li><p>da\u00f1os indirectos o incidentales.<\/p><\/li><\/ul><p>El software se proporciona &quot;tal cual&quot;.<\/p><h2>5. Garant\u00eda limitada y soporte t\u00e9cnico<\/h2><p>5.1. El Licenciante proporciona soporte t\u00e9cnico a los Usuarios.<\/p><p>5.2. Normativa de soporte t\u00e9cnico:<\/p><ul><li><p>D\u00edas laborables: de lunes a viernes<\/p><\/li><li><p>Horario de apertura: 10:00 \u2013 19:00 (UTC+4)<\/p><\/li><li><p>Canal de soporte: <a href=\"mailto:support@gridix.live\">support@gridix.live<\/a><\/p><\/li><\/ul><p>5.3. Tiempo de respuesta a la solicitud:<\/p><ul><li><p>Respuesta inicial: hasta 24 horas en d\u00edas laborables.<\/p><\/li><\/ul><p>5.4. Las actualizaciones de software forman parte del Software y se rigen por este Acuerdo.<\/p><p>5.5. El Licenciante no garantiza la ausencia de errores ni el funcionamiento ininterrumpido del Software.<\/p><p>5.6. El plazo para la correcci\u00f3n de errores no est\u00e1 garantizado y depende de la complejidad de la tarea.<\/p><h2>6. Validez, modificaci\u00f3n y terminaci\u00f3n<\/h2><p>6.1 El presente Acuerdo se regir\u00e1 por las leyes de los Emiratos \u00c1rabes Unidos (EAU), a menos que la ley disponga lo contrario.<\/p><p>6.2. El Licenciante tiene derecho a rescindir el Contrato en caso de violaci\u00f3n de sus t\u00e9rminos.<\/p><p>6.3. Al finalizar el contrato, el Usuario est\u00e1 obligado a dejar de usar el Software y eliminarlo.<\/p><p>6.4. El Usuario tiene derecho a dejar de usar el Software en cualquier momento.<\/p><p>6.5. La invalidez de disposiciones individuales no afectar\u00e1 al Acuerdo en su conjunto.<\/p><p>6.6. El presente Acuerdo se aplica a todas las actualizaciones de software.<\/p><h2>7. Informaci\u00f3n de contacto<\/h2><p><strong>Compa\u00f1\u00eda:<\/strong> Dimpulse Tech Limited<br \/><strong>DIRECCI\u00d3N:<\/strong> DIFC, Dub\u00e1i, Emiratos \u00c1rabes Unidos<br \/><strong>Correo electr\u00f3nico:<\/strong> <a href=\"mailto:info@gridix.live\">info@gridix.live<\/a><br \/><strong>Apoyo:<\/strong> <a href=\"mailto:support@gridix.live\">support@gridix.live<\/a><br \/><strong>Tel\u00e9fono:<\/strong> +971 54 297 0450<\/p>\t\t\t\t\t\t\t\t<\/div>\n\t\t\t\t\t<\/div>\n\t\t\t\t<\/div>\n\t\t\t\t<\/div>","protected":false},"excerpt":{"rendered":"<p>\u041b\u0418\u0426\u0415\u041d\u0417\u0418\u041e\u041d\u041d\u041e\u0415 \u0421\u041e\u0413\u041b\u0410\u0428\u0415\u041d\u0418\u0415 \u041d\u0410 \u0418\u0421\u041f\u041e\u041b\u042c\u0417\u041e\u0412\u0410\u041d\u0418\u0415 \u041f\u0420\u041e\u0413\u0420\u0410\u041c\u041c\u042b \u0414\u041b\u042f \u042d\u0412\u041c \u00abGRIDIX: SMART CATALOG \/ \u0428\u0430\u0445\u043c\u0430\u0442\u043a\u0430 \u043e\u0431\u044a\u0435\u043a\u0442\u043e\u0432 \u0432 \u0441\u0434\u0435\u043b\u043a\u0435\u00bb \u0423\u0432\u0430\u0436\u0430\u0435\u043c\u044b\u0439 \u041f\u043e\u043b\u044c\u0437\u043e\u0432\u0430\u0442\u0435\u043b\u044c! \u041f\u0435\u0440\u0435\u0434 \u043d\u0430\u0447\u0430\u043b\u043e\u043c \u0443\u0441\u0442\u0430\u043d\u043e\u0432\u043a\u0438, \u043a\u043e\u043f\u0438\u0440\u043e\u0432\u0430\u043d\u0438\u044f \u043b\u0438\u0431\u043e \u0438\u043d\u043e\u0433\u043e \u0438\u0441\u043f\u043e\u043b\u044c\u0437\u043e\u0432\u0430\u043d\u0438\u044f \u041f\u041e \u0432\u043d\u0438\u043c\u0430\u0442\u0435\u043b\u044c\u043d\u043e \u043e\u0437\u043d\u0430\u043a\u043e\u043c\u044c\u0442\u0435\u0441\u044c \u0441 \u0443\u0441\u043b\u043e\u0432\u0438\u044f\u043c\u0438 \u043d\u0430\u0441\u0442\u043e\u044f\u0449\u0435\u0433\u043e \u0421\u043e\u0433\u043b\u0430\u0448\u0435\u043d\u0438\u044f, \u044f\u0432\u043b\u044f\u044e\u0449\u0435\u0433\u043e\u0441\u044f \u0441\u0442\u0430\u043d\u0434\u0430\u0440\u0442\u043d\u043e\u0439 \u0444\u043e\u0440\u043c\u043e\u0439 \u0434\u043e\u0433\u043e\u0432\u043e\u0440\u0430 \u043f\u0440\u0438\u0441\u043e\u0435\u0434\u0438\u043d\u0435\u043d\u0438\u044f \u0438 \u0437\u0430\u043a\u043b\u044e\u0447\u0430\u0435\u043c\u043e\u0433\u043e \u0432 \u043f\u0438\u0441\u044c\u043c\u0435\u043d\u043d\u043e\u0439 \u0438\u043b\u0438 \u0438\u043d\u043e\u0439 \u0444\u043e\u0440\u043c\u0435, \u043f\u0440\u0435\u0434\u0443\u0441\u043c\u043e\u0442\u0440\u0435\u043d\u043d\u043e\u0439 \u0434\u0435\u0439\u0441\u0442\u0432\u0443\u044e\u0449\u0438\u043c \u0437\u0430\u043a\u043e\u043d\u043e\u0434\u0430\u0442\u0435\u043b\u044c\u0441\u0442\u0432\u043e\u043c \u0420\u043e\u0441\u0441\u0438\u0439\u0441\u043a\u043e\u0439 \u0424\u0435\u0434\u0435\u0440\u0430\u0446\u0438\u0438. \u0415\u0441\u043b\u0438 \u0432\u044b \u043d\u0435 \u0441\u043e\u0433\u043b\u0430\u0441\u043d\u044b \u0441 \u0443\u0441\u043b\u043e\u0432\u0438\u044f\u043c\u0438 \u043d\u0430\u0441\u0442\u043e\u044f\u0449\u0435\u0433\u043e [&hellip;]<\/p>","protected":false},"author":3,"featured_media":0,"parent":0,"menu_order":0,"comment_status":"closed","ping_status":"closed","template":"","meta":{"footnotes":""},"class_list":["post-3339","page","type-page","status-publish","hentry"],"_hostinger_reach_plugin_has_subscription_block":false,"_hostinger_reach_plugin_is_elementor":false,"_links":{"self":[{"href":"https:\/\/gridix.live\/es\/wp-json\/wp\/v2\/pages\/3339","targetHints":{"allow":["GET"]}}],"collection":[{"href":"https:\/\/gridix.live\/es\/wp-json\/wp\/v2\/pages"}],"about":[{"href":"https:\/\/gridix.live\/es\/wp-json\/wp\/v2\/types\/page"}],"author":[{"embeddable":true,"href":"https:\/\/gridix.live\/es\/wp-json\/wp\/v2\/users\/3"}],"replies":[{"embeddable":true,"href":"https:\/\/gridix.live\/es\/wp-json\/wp\/v2\/comments?post=3339"}],"version-history":[{"count":8,"href":"https:\/\/gridix.live\/es\/wp-json\/wp\/v2\/pages\/3339\/revisions"}],"predecessor-version":[{"id":3347,"href":"https:\/\/gridix.live\/es\/wp-json\/wp\/v2\/pages\/3339\/revisions\/3347"}],"wp:attachment":[{"href":"https:\/\/gridix.live\/es\/wp-json\/wp\/v2\/media?parent=3339"}],"curies":[{"name":"wp","href":"https:\/\/api.w.org\/{rel}","templated":true}]}}