{"id":1538,"date":"2026-01-16T10:56:54","date_gmt":"2026-01-16T10:56:54","guid":{"rendered":"https:\/\/gridix.live\/%d0%bf%d0%be%d0%bb%d0%b8%d1%82%d0%b8%d0%ba%d0%b0-%d0%ba%d0%be%d0%bd%d1%84%d0%b8%d0%b4%d0%b5%d0%bd%d1%86%d0%b8%d0%b0%d0%bb%d1%8c%d0%bd%d0%be%d1%81%d1%82%d0%b8\/"},"modified":"2026-02-04T10:09:07","modified_gmt":"2026-02-04T10:09:07","slug":"mahremiyet","status":"publish","type":"page","link":"https:\/\/gridix.live\/tr\/mahremiyet\/","title":{"rendered":"Gizlilik Politikas\u0131"},"content":{"rendered":"<div data-elementor-type=\"wp-page\" data-elementor-id=\"1538\" class=\"elementor elementor-1538\" data-elementor-post-type=\"page\">\n\t\t\t\t<div class=\"elementor-element elementor-element-6558f6d0 e-flex e-con-boxed e-con e-parent\" data-id=\"6558f6d0\" data-element_type=\"container\" data-e-type=\"container\">\n\t\t\t\t\t<div class=\"e-con-inner\">\n\t\t\t\t<div class=\"elementor-element elementor-element-54598dd5 elementor-widget elementor-widget-text-editor\" data-id=\"54598dd5\" data-element_type=\"widget\" data-e-type=\"widget\" data-widget_type=\"text-editor.default\">\n\t\t\t\t\t\t\t\t\t<h3>GRIDIX Gizlilik Politikas\u0131<\/h3><p><strong>Yay\u0131n tarihi \/ son g\u00fcncelleme tarihi:<\/strong> 22 Ocak 2026.<\/p><p><strong>GRIDIX, Kullan\u0131c\u0131\/M\u00fc\u015fterinin gizlilik haklar\u0131na sayg\u0131 duyar ve Kullan\u0131c\u0131\/M\u00fc\u015fterinin ki\u015fisel verilerini korumak i\u00e7in t\u00fcm \u00f6nlemleri al\u0131r.<\/strong><\/p><p>Bu Gizlilik Politikas\u0131 (bundan sonra &quot;Gizlilik Politikas\u0131&quot; olarak an\u0131lacakt\u0131r) <strong>\u00ab&quot;Politika&quot;\u00bb<\/strong>Bu belge, dijital hizmetleri kullan\u0131rken ki\u015fisel verilerin toplanmas\u0131, kullan\u0131lmas\u0131, i\u015flenmesi, saklanmas\u0131, aktar\u0131lmas\u0131 ve korunmas\u0131na ili\u015fkin prosed\u00fcr\u00fc a\u00e7\u0131klamaktad\u0131r. <strong>GRIDIX<\/strong> alan adlar\u0131nda <strong>gridix.canl\u0131<\/strong> \u0438 <strong>uygulama.gridix.canl\u0131<\/strong>, ayr\u0131ca bunlar\u0131n dil s\u00fcr\u00fcmleri ve alt alan adlar\u0131 (bundan sonra \u015fu \u015fekilde an\u0131lacakt\u0131r: <strong>\u00abGRIDIX Platform\u00bb<\/strong>).<\/p><p><strong>GRIDIX Platformunu kullanarak, Kullan\u0131c\u0131\/M\u00fc\u015fteri bu Politikay\u0131 okudu\u011funu ve \u015fartlar\u0131n\u0131 tamamen kabul etti\u011fini onaylar.<\/strong><\/p><hr \/><h5><strong>1. Terimler ve tan\u0131mlar<\/strong><\/h5><p>1.1. <strong>GRIDIX<\/strong> \u2014 Gayrimenkul sekt\u00f6r\u00fcnde sat\u0131\u015f ve hizmetleri otomatikle\u015ftirmeye y\u00f6nelik uluslararas\u0131 bir SaaS platformu.<\/p><p>1.2.<strong> Operat\u00f6r (GRIDIX)<\/strong> \u2014 Bu Politika \u00e7er\u00e7evesinde ki\u015fisel verilerin i\u015flenmesini organize eden ve\/veya ger\u00e7ekle\u015ftiren ki\u015fi: <strong>Dimpulse Tech Limited<\/strong> (DIFC, Dubai, BAE).<\/p><p>1.3. <strong>GRIDIX platformu<\/strong>\u00a0\u2014 GRIDIX web sitesi ve uygulamalar\u0131, mod\u00fclleri ve hizmetleri, bunlarla s\u0131n\u0131rl\u0131 olmamak \u00fczere:<\/p><ul><li>Pazarlama sitesi: <strong><a href=\"https:\/\/gridix.live\/tr\/\">https:\/\/www.gridix.live<\/a><\/strong> (ve dil s\u00fcr\u00fcmleri\/alt alan adlar\u0131);<\/li><li>web platformu: <strong><a href=\"https:\/\/app.gridix.live\/\">https:\/\/app.gridix.live<\/a><\/strong>;<\/li><li>PWA\/mobil s\u00fcr\u00fcmleri (varsa);<\/li><li>Fonksiyonel mod\u00fcller (Ak\u0131ll\u0131 Katalog, etkile\u015fimli kataloglar\/satran\u00e7 tahtalar\u0131, rol dolaplar\u0131, entegrasyonlar vb.).<\/li><\/ul><p>1.4. <strong>Kullan\u0131c\u0131<\/strong> \u2014 GRIDIX Platformunu kullanan bir ki\u015fi (bunlara geli\u015ftirici\/ajans\/temsilci, y\u00f6netici, m\u00fcd\u00fcr ve m\u00fc\u015fteri hesab\u0131na eri\u015fim sa\u011flam\u0131\u015f al\u0131c\u0131\/m\u00fc\u015fteri de dahildir, ancak bunlarla s\u0131n\u0131rl\u0131 de\u011fildir).<\/p><p>1.5. <strong>Ki\u015fisel veriler<\/strong> - Belirli bir bireyle do\u011frudan veya dolayl\u0131 olarak ilgili her t\u00fcrl\u00fc bilgi.<\/p><p>1.6. <strong>M\u00fc\u015fteri (B2B m\u00fc\u015fterisi)<\/strong> \u2014 GRIDIX Platformunu kullanan ve \u00fc\u00e7\u00fcnc\u00fc \u015fah\u0131slara ait verileri (potansiyel m\u00fc\u015fteriler, al\u0131c\u0131lar vb.) y\u00fckleyebilen\/girebilen bir kurulu\u015f\/t\u00fczel ki\u015fi\/bireysel giri\u015fimci (bunlarla s\u0131n\u0131rl\u0131 olmamak \u00fczere geli\u015ftirici, ajans, ortak dahil).<\/p><p>1.7. <strong>Kullan\u0131c\u0131\/M\u00fc\u015fteri \u0130\u00e7eri\u011fi<\/strong> \u2014 Kullan\u0131c\u0131n\u0131n\/M\u00fc\u015fterinin y\u00fckledi\u011fi veya olu\u015fturdu\u011fu veriler ve dosyalar<strong> GRIDIX platformu<\/strong> (planlar, arsalar, resimler, belgeler, mesajlar, durumlar vb.).<\/p><p>1.8. <strong>Ki\u015fisel verilerin i\u015flenmesi<\/strong> \u2014 Ki\u015fisel verilerle ilgili herhangi bir i\u015flem (operasyon) veya i\u015flem k\u00fcmesi: toplama, kaydetme, sistemle\u015ftirme, biriktirme, saklama, a\u00e7\u0131klama, \u00e7\u0131karma, kullanma, aktarma, anonimle\u015ftirme, engelleme, silme, imha etme.<\/p><hr \/><h5><strong>2. Verileri kim ve hangi stat\u00fcde i\u015fliyor (denetleyici\/i\u015flemci)?<\/strong><\/h5><p>2.1. Platformun pazarlama ve kamu hizmetlerini kullan\u0131rken GRIDIX a\u015fa\u011f\u0131daki \u015fekilde hareket eder: <strong>Operat\u00f6r (Kontrol\u00f6r)<\/strong> ki\u015fisel veriler.<\/p><p>2.2. M\u00fc\u015fteriler (B2B) GRIDIX Platformunu kullan\u0131rken, GRIDIX \u015fu \u015fekilde hareket eder: <strong>\u0130\u015flemci<\/strong>, ve M\u00fc\u015fteri - m\u00fc\u015fterilerinin ve kullan\u0131c\u0131lar\u0131n\u0131n verilerinin yan\u0131 s\u0131ra t\u00fcm M\u00fc\u015fteri \u0130\u00e7eri\u011finin Operat\u00f6r\u00fc rol\u00fcnde.<\/p><p>2.3. M\u00fc\u015fteri, \u00fc\u00e7\u00fcnc\u00fc \u015fah\u0131slara ait ki\u015fisel verilerin GRIDIX&#039;e aktar\u0131lmas\u0131 i\u00e7in yasal dayanaklar\u0131n bulundu\u011funu garanti eder.<\/p><p>2.4. <strong>Entegrasyonlar (CRM\/bankalar\/e-posta\/mesajla\u015fma uygulamalar\u0131).<\/strong> Entegrasyonlar etkinle\u015ftirildi\u011finde, M\u00fc\u015fteri veya Kullan\u0131c\u0131n\u0131n talebi \u00fczerine baz\u0131 veriler \u00fc\u00e7\u00fcnc\u00fc taraf hizmetlerine aktar\u0131labilir. Entegrasyonlar\u0131 etkinle\u015ftiren taraf (M\u00fc\u015fteri\/Kullan\u0131c\u0131), aktar\u0131m\u0131n yasal dayana\u011f\u0131ndan ve entegrasyon kurulumundan sorumludur.<\/p><hr \/><h5><strong>3. Operat\u00f6r hangi verileri i\u015fler?<\/strong><\/h5><p><strong>3.1. Kullan\u0131c\u0131\/M\u00fc\u015fteri taraf\u0131ndan do\u011frudan sa\u011flanan veriler<\/strong><\/p><ul><li><p>ad, soyad (veya tam ad), pozisyon;<\/p><\/li><li><p>e-posta, telefon;<\/p><\/li><li><p>\u015firket\/kurulu\u015f, rol, proje\/nesne;<\/p><\/li><li><p>Destek birimiyle yaz\u0131\u015fmalar, ba\u015fvurular, talepler.<\/p><\/li><\/ul><p><strong>3.2. Teknik veriler (otomatik olarak toplan\u0131r)<\/strong><\/p><ul><li><p>IP adresi, cihaz t\u00fcr\u00fc, i\u015fletim sistemi, taray\u0131c\u0131, dil;<\/p><\/li><li><p>Oturum tan\u0131mlay\u0131c\u0131lar\u0131, aray\u00fcz eylem g\u00fcnl\u00fckleri;<\/p><\/li><li><p>\u00c7erezler\/benzer teknolojiler.<\/p><\/li><\/ul><p><strong>3.3. Projeler \u0130\u00e7indeki Kullan\u0131c\u0131\/M\u00fc\u015fteri \u0130\u00e7eri\u011fi ve Verileri<\/strong><\/p><ul><li><p>planlar\/\u00e7izimler\/resimler\/medya;<\/p><\/li><li><p>Arsa\/daire\/nesneye ili\u015fkin veriler, durumlar, fiyatlar, \u00f6zellikler;<\/p><\/li><li><p>Ba\u015fvuru\/ileti\u015fim bilgileri (GRIDIX Platformuna girilmi\u015fse);<\/p><\/li><li><p>Belgeler ve ekler (s\u00f6zle\u015fmeler, faturalar, tutanaklar, \u00e7ekler, dosyalar vb.) (GRIDIX Platformuna girilmi\u015fse);<\/p><\/li><li><p>Eri\u015fim ayarlar\u0131, roller, haklar, de\u011fi\u015fiklik ge\u00e7mi\u015fi.<\/p><\/li><\/ul><p><strong>3.4. Entegrasyonlardan gelen veriler (Kullan\u0131c\u0131\/M\u00fc\u015fteri ba\u011flant\u0131 kurmu\u015fsa)<\/strong><\/p><ul><li><p>CRM&#039;den al\u0131nan potansiyel m\u00fc\u015fteri\/anla\u015fma\/ileti\u015fim verileri;<\/p><\/li><li><p>Entegrasyonun \u00e7al\u0131\u015fmas\u0131 i\u00e7in gerekli olan durumlar\/bildirimler.<\/p><\/li><\/ul><p><strong>3.5. Operat\u00f6r, banka kart\u0131 \u00f6deme verilerini saklamaz veya i\u015flemez ve Kullan\u0131c\u0131\/M\u00fc\u015fteri taraf\u0131ndan sa\u011flanan ki\u015fisel verilerin do\u011frulu\u011funu do\u011frulamaz.<\/strong><\/p><p>3.6. Kullan\u0131c\u0131\/M\u00fc\u015fteri, \u00fc\u00e7\u00fcnc\u00fc \u015fah\u0131slara ait verileri (m\u00fc\u015fteriler, potansiyel m\u00fc\u015fteriler vb.) y\u00fcklerse, bu t\u00fcr aktar\u0131m ve i\u015fleme i\u00e7in yasal dayanaklar\u0131n (uygulanabilir yasan\u0131n gerekliliklerine ba\u011fl\u0131 olarak bildirimler, onaylar, s\u00f6zle\u015fmesel dayanaklar) mevcut olmas\u0131n\u0131 sa\u011flamay\u0131 taahh\u00fct eder.<\/p><hr \/><h5><strong>4. Veri i\u015flemenin ama\u00e7lar\u0131<\/strong><\/h5><p><strong>Operat\u00f6r a\u015fa\u011f\u0131daki verileri i\u015fler:<\/strong><\/p><p>4.1. <strong>GRIDIX Platformunun Sa\u011flanmas\u0131:<\/strong> Kay\u0131t, oturum a\u00e7ma, hesap ve rol y\u00f6netimi, proje eri\u015fimi, katalog\/satran\u00e7 tahtas\u0131 g\u00f6r\u00fcnt\u00fcleme, ki\u015fisel hesaplarla \u00e7al\u0131\u015fma.<\/p><p>4.2. <strong>Destek ve ileti\u015fim:<\/strong> Taleplere yan\u0131t verme, kurulum konusunda yard\u0131m, durum g\u00fcncellemeleri.<\/p><p>4.3. <strong>S\u00f6zle\u015fmeye dayal\u0131 ve finansal i\u015flemler:<\/strong> Faturalama, \u00f6deme muhasebesi, abonelik y\u00f6netimi, doland\u0131r\u0131c\u0131l\u0131k \u00f6nleme.<\/p><p>4.4. <strong>Kalite ve analitik iyile\u015ftirmeler:<\/strong> Hata te\u015fhisi, kararl\u0131l\u0131k iyile\u015ftirme, i\u015flevsellik geli\u015ftirme, kullan\u0131m analizi (anonimle\u015ftirilmi\u015f\/toplanm\u0131\u015f verilere dayal\u0131 olanlar dahil).<\/p><p>4.5. <strong>G\u00fcvenlik:<\/strong> Hesap koruma, olay incelemesi, eri\u015fim kontrol\u00fc, k\u00f6t\u00fcye kullan\u0131m \u00f6nleme.<\/p><p>4.6. <strong>Pazarlama (gerekti\u011finde onay al\u0131narak):<\/strong> Haber b\u00fcltenleri, haberler, demo\/webinar davetiyeleri, \u00f6zel teklifler. Kullan\u0131c\u0131\/M\u00fc\u015fteri, pazarlama ileti\u015fimlerinden diledi\u011fi zaman aboneli\u011fini iptal edebilir.<\/p><p>4.7. <strong>Yasal gerekliliklere uyum.<\/strong><\/p><hr \/><h5><strong>5. \u0130\u015flemenin yasal dayana\u011f\u0131<\/strong><\/h5><p>Duruma ba\u011fl\u0131 olarak, veriler a\u015fa\u011f\u0131daki esaslara g\u00f6re i\u015flenir:<\/p><ul><li><p><strong>Kullan\u0131c\u0131\/M\u00fc\u015fteri ile yap\u0131lan anla\u015fma<\/strong> (GRIDIX Platformunun sa\u011flanmas\u0131, teknik destek, faturaland\u0131rma);<\/p><\/li><li><p><strong>Taraflar\u0131n me\u015fru \u00e7\u0131karlar\u0131<\/strong> (g\u00fcvenlik, suistimal \u00f6nleme, hizmet iyile\u015ftirme);<\/p><\/li><li><p><strong>ilgili ki\u015finin r\u0131zas\u0131<\/strong>\u00a0(Pazarlama e-postalar\u0131, gerekti\u011finde belirli \u00e7erezler\/izleme y\u00f6ntemleri);<\/p><\/li><li><p><strong>y\u00fcr\u00fcrl\u00fckteki mevzuat kapsam\u0131ndaki yasal y\u00fck\u00fcml\u00fcl\u00fcklerin yerine getirilmesi<\/strong> (Muhasebe\/Vergiler\/Yetkili mercilerden gelen taleplere yan\u0131t verme).<\/p><\/li><\/ul><hr \/><h5><strong>6. Verilerin \u00fc\u00e7\u00fcnc\u00fc taraflara aktar\u0131lmas\u0131<\/strong><\/h5><p>6.1. Ki\u015fisel veriler <strong>sat\u0131l\u0131k de\u011fil<\/strong>.<\/p><p>6.2. Veriler aktar\u0131labilir:<\/p><ul><li><p>Hizmetlerin sorunsuz \u00e7al\u0131\u015fmas\u0131n\u0131 sa\u011flamak i\u00e7in altyap\u0131 ve bar\u0131nd\u0131rma sa\u011flay\u0131c\u0131lar\u0131na;<\/p><\/li><li><p>Analiz ve hata izleme hizmetleri (kullan\u0131l\u0131yorsa);<\/p><\/li><li><p>\u00d6deme sa\u011flay\u0131c\u0131lar\u0131 - \u00f6demeleri kabul etmek i\u00e7in (bu gibi durumlarda banka kart\u0131 verileri GRIDIX taraf\u0131ndan de\u011fil, sa\u011flay\u0131c\u0131 taraf\u0131ndan i\u015flenir);<\/p><\/li><li><p>Posta\/bildirim hizmetleri (e-posta\/SMS\/bildirim) - mesaj iletimi i\u00e7in;<\/p><\/li><li><p>Kullan\u0131c\u0131n\u0131n\/M\u00fc\u015fterinin ba\u011flad\u0131\u011f\u0131 ortaklar ve entegrasyonlar (CRM, vb.) - Kullan\u0131c\u0131n\u0131n\/M\u00fc\u015fterinin kurulumuna\/talimatlar\u0131na g\u00f6re;<\/p><\/li><li><p>devlet kurumlar\u0131n\u0131n\/mahkemenin yasal talebi \u00fczerine;<\/p><\/li><li><p>GRIDIX&#039;in ve Kullan\u0131c\u0131\/M\u00fc\u015fterinin haklar\u0131n\u0131 ve g\u00fcvenli\u011fini korumak i\u00e7in.<\/p><\/li><\/ul><p>6.3. Veri al\u0131c\u0131lar\u0131 (uygulanabilir oldu\u011fu durumlarda), gizlilik \u015fartlar\u0131 ve veri sahibinin ad\u0131na veri i\u015fleme ko\u015fullar\u0131 \u00e7er\u00e7evesinde g\u00f6revlendirilir.<\/p><p>6.4. Ki\u015fisel veriler, Birle\u015fik Arap Emirlikleri ve G\u00fcrcistan dahil olmak \u00fczere Kullan\u0131c\u0131\/M\u00fc\u015fterinin ikamet etti\u011fi \u00fclke d\u0131\u015f\u0131nda i\u015flenebilir. GRIDIX, s\u0131n\u0131r \u00f6tesi veri transferi s\u0131ras\u0131nda yeterli d\u00fczeyde veri korumas\u0131 sa\u011flar.<\/p><hr \/><h5><strong>7. \u00c7erezler ve benzer teknolojiler<\/strong><\/h5><p>7.1. GRIDIX \u00e7erezler ve benzer teknolojiler kullanmaktad\u0131r:<\/p><ul><li><p><strong>zorunlu<\/strong> \u2014 yetkilendirme, g\u00fcvenlik ve aray\u00fcz i\u015flemleri i\u00e7in;<\/p><\/li><li><p><strong>i\u015flevsel<\/strong> \u2014 ayarlar\u0131 ve tercihleri hat\u0131rlamak;<\/p><\/li><li><p><strong>analitik<\/strong> \u2014 Hizmetin kullan\u0131m\u0131 ve iyile\u015ftirilmesine ili\u015fkin istatistikler (m\u00fcmk\u00fcnse toplu halde);<\/p><\/li><li><p><strong>pazarlama<\/strong> \u2014 reklam g\u00f6sterimleri\/ili\u015fkilendirme (kullan\u0131l\u0131yorsa, genellikle onay gerektirir).<\/p><\/li><\/ul><p>7.2. Kullan\u0131c\u0131\/M\u00fc\u015fteri, \u00e7erezleri taray\u0131c\u0131 ayarlar\u0131ndan ve\/veya \u00e7erez banner&#039;\u0131 (varsa) arac\u0131l\u0131\u011f\u0131yla y\u00f6netebilir. Baz\u0131 \u00e7erezlerin devre d\u0131\u015f\u0131 b\u0131rak\u0131lmas\u0131 GRIDIX Platformunun \u00e7al\u0131\u015fmas\u0131n\u0131 etkileyebilir. .<\/p><hr \/><h5><strong>8. S\u0131n\u0131r \u00f6tesi veri aktar\u0131m\u0131<\/strong><\/h5><p>8.1 GRIDIX, kullan\u0131lan bar\u0131nd\u0131rma ve sa\u011flay\u0131c\u0131lara ba\u011fl\u0131 olarak farkl\u0131 \u00fclkelerde bulunan sunucularda veri i\u015fleyebilir.<\/p><p>8.2. S\u0131n\u0131r \u00f6tesi transfer durumunda GRIDIX koruyucu \u00f6nlemler uygular: s\u00f6zle\u015fmesel y\u00fck\u00fcml\u00fcl\u00fckler, eri\u015fim k\u0131s\u0131tlamalar\u0131, teknik g\u00fcvenlik \u00f6nlemleri.<\/p><hr \/><h5><strong>9. Saklama s\u00fcreleri<\/strong><\/h5><p>GRIDIX verileri depolar <strong>gere\u011finden uzun s\u00fcre de\u011fil<\/strong> Kanun veya s\u00f6zle\u015fme daha uzun bir s\u00fcre gerektirmedi\u011fi s\u00fcrece, i\u015fleme amac\u0131yla.<\/p><hr \/><h5><strong>10. Ki\u015fisel verilerin sahiplerinin haklar\u0131<\/strong><\/h5><p>Kullan\u0131c\u0131\/M\u00fc\u015fteri a\u015fa\u011f\u0131daki haklara sahiptir:<\/p><ul><li><p>GRIDIX&#039;in hangi verileri i\u015fledi\u011fini \u00f6\u011frenin;<\/p><\/li><li><p>Verilerin bir kopyas\u0131n\u0131 edinin;<\/p><\/li><li><p>Verileri d\u00fczeltmek\/g\u00fcncellemek;<\/p><\/li><li><p>Verileri silin (i\u015flemeye devam etmek i\u00e7in yasal bir gerek\u00e7e yoksa);<\/p><\/li><li><p>i\u015flemeyi k\u0131s\u0131tla;<\/p><\/li><li><p>(Baz\u0131 durumlarda) i\u015flemeye itiraz etmek;<\/p><\/li><li><p>(\u0130\u015flem r\u0131zaya dayan\u0131yorsa) r\u0131zay\u0131 geri \u00e7ekmek;<\/p><\/li><li><p>(M\u00fcmk\u00fcnse) verileri ta\u015f\u0131nabilir bir formatta elde edin.<\/p><\/li><\/ul><p><strong>\u0130leti\u015fim bilgileri:<\/strong>\u00a0 Talep \u015furaya g\u00f6nderiliyor: <strong><a href=\"mailto:info@gridix.live\">info@gridix.live<\/a><\/strong> Konu ba\u015fl\u0131\u011f\u0131 \u201cKi\u015fisel veriler \/ Gizlilik\u201d olan.<\/p><p>Kullan\u0131c\u0131\/M\u00fc\u015fteri verilerini korumak amac\u0131yla GRIDIX, kimlik\/yetki belgesi talep edebilir.<\/p><hr \/><h5><strong>11. Veri g\u00fcvenli\u011fi<\/strong><\/h5><p>GRIDIX, a\u015fa\u011f\u0131dakiler dahil olmak \u00fczere kurumsal ve teknik g\u00fcvenlik \u00f6nlemleri uygulamaktad\u0131r:<\/p><ul><li><p>\u0130letim s\u0131ras\u0131nda veri \u015fifreleme (TLS\/SSL);<\/p><\/li><li><p>Eri\u015fim kontrol\u00fc ve rol tan\u0131mlamas\u0131;<\/p><\/li><li><p>yedekleme ve izleme;<\/p><\/li><li><p>faaliyet kay\u0131tlar\u0131 ve anormallik tespiti;<\/p><\/li><li><p>\u00c7al\u0131\u015fanlar\u0131n eri\u015fimini gereklilik durumuna g\u00f6re k\u0131s\u0131tlamak.<\/p><\/li><\/ul><hr \/><h5><strong>12. Yapay zek\u00e2 ve otomatik \u00e7\u00f6z\u00fcmlerin kullan\u0131m\u0131<\/strong><\/h5><p>GRIDIX, analiz ve \u00f6neriler i\u00e7in yapay zeka algoritmalar\u0131 ve otomatik sistemler kullanabilir.\u00a0<\/p><hr \/><h5><strong>13. \u00c7ocuklar ve k\u00fc\u00e7\u00fckler<\/strong><\/h5><p>GRIDIX platformu profesyonel kullan\u0131m (B2B) i\u00e7in tasarlanm\u0131\u015ft\u0131r ve yasal vasinin izni olmadan 18 ya\u015f\u0131n alt\u0131ndaki ki\u015filere y\u00f6nelik de\u011fildir.\u00a0<\/p><hr \/><h5><strong>14. Politika De\u011fi\u015fiklikleri<\/strong><\/h5><p>GRIDIX bu Politikay\u0131 de\u011fi\u015ftirme hakk\u0131n\u0131 sakl\u0131 tutar. Yeni s\u00fcr\u00fcm, GRIDIX Platformunda yay\u0131nland\u0131ktan sonra y\u00fcr\u00fcrl\u00fc\u011fe girecektir. .<\/p><hr \/><h5><strong>15. Operat\u00f6r\u00fcn ileti\u015fim bilgileri<\/strong><\/h5><p><strong>Operat\u00f6r (Kontrol\u00f6r\/Operat\u00f6r):<\/strong> Dimpulse Tech Limited<br \/><strong>Adres:<\/strong> Gate Avenue, Dubai Uluslararas\u0131 Finans Merkezi (DIFC), Dubai, Birle\u015fik Arap Emirlikleri<br \/><strong>Lisans numaras\u0131:<\/strong> CL9051<br \/><strong>Kay\u0131t numaras\u0131 ve kay\u0131t tarihi:<\/strong> 9051, 29 A\u011fustos 2024<br \/><strong>Vergi Kay\u0131t Numaras\u0131 (TRN):<\/strong> 104741389100001<br \/><strong>Ki\u015fisel verilerle ilgili sorular i\u00e7in e-posta adresi:<\/strong> <a href=\"mailto:info@gridix.live\">info@gridix.live<\/a><br \/><strong>Telefon:<\/strong> +971 54 297 0450<br \/><strong>M\u00fcd\u00fcr:<\/strong> Davydov Denis Yuryevich<\/p><h5>\u00a0<\/h5>\t\t\t\t\t\t\t\t<\/div>\n\t\t\t\t\t<\/div>\n\t\t\t\t<\/div>\n\t\t\t\t<\/div>","protected":false},"excerpt":{"rendered":"<p>\u041f\u043e\u043b\u0438\u0442\u0438\u043a\u0430 \u043a\u043e\u043d\u0444\u0438\u0434\u0435\u043d\u0446\u0438\u0430\u043b\u044c\u043d\u043e\u0441\u0442\u0438 GRIDIX \u0414\u0430\u0442\u0430 \u043f\u0443\u0431\u043b\u0438\u043a\u0430\u0446\u0438\u0438 \/ \u043f\u043e\u0441\u043b\u0435\u0434\u043d\u0435\u0433\u043e \u043e\u0431\u043d\u043e\u0432\u043b\u0435\u043d\u0438\u044f: 22 \u044f\u043d\u0432\u0430\u0440\u044f 2026 \u0433. GRIDIX \u0443\u0432\u0430\u0436\u0430\u0435\u0442 \u043f\u0440\u0430\u0432\u0430 \u041f\u043e\u043b\u044c\u0437\u043e\u0432\u0430\u0442\u0435\u043b\u044f\/\u041a\u043b\u0438\u0435\u043d\u0442\u0430 \u043d\u0430 \u043a\u043e\u043d\u0444\u0438\u0434\u0435\u043d\u0446\u0438\u0430\u043b\u044c\u043d\u043e\u0441\u0442\u044c \u0438 \u043f\u0440\u0438\u043d\u0438\u043c\u0430\u0435\u0442 \u0432\u0441\u0435 \u043c\u0435\u0440\u044b \u043f\u043e \u0437\u0430\u0449\u0438\u0442\u0435 \u043f\u0435\u0440\u0441\u043e\u043d\u0430\u043b\u044c\u043d\u044b\u0445 \u0434\u0430\u043d\u043d\u044b\u0445 \u041f\u043e\u043b\u044c\u0437\u043e\u0432\u0430\u0442\u0435\u043b\u044f\/\u041a\u043b\u0438\u0435\u043d\u0442\u0430. \u041d\u0430\u0441\u0442\u043e\u044f\u0449\u0430\u044f \u041f\u043e\u043b\u0438\u0442\u0438\u043a\u0430 \u043a\u043e\u043d\u0444\u0438\u0434\u0435\u043d\u0446\u0438\u0430\u043b\u044c\u043d\u043e\u0441\u0442\u0438 (\u0434\u0430\u043b\u0435\u0435 \u2014 \u00ab\u041f\u043e\u043b\u0438\u0442\u0438\u043a\u0430\u00bb) \u043e\u043f\u0438\u0441\u044b\u0432\u0430\u0435\u0442 \u043f\u043e\u0440\u044f\u0434\u043e\u043a \u0441\u0431\u043e\u0440\u0430, \u0438\u0441\u043f\u043e\u043b\u044c\u0437\u043e\u0432\u0430\u043d\u0438\u044f, \u043e\u0431\u0440\u0430\u0431\u043e\u0442\u043a\u0438, \u0445\u0440\u0430\u043d\u0435\u043d\u0438\u044f, \u043f\u0435\u0440\u0435\u0434\u0430\u0447\u0438 \u0438 \u0437\u0430\u0449\u0438\u0442\u044b \u043f\u0435\u0440\u0441\u043e\u043d\u0430\u043b\u044c\u043d\u044b\u0445 \u0434\u0430\u043d\u043d\u044b\u0445 \u043f\u0440\u0438 \u0438\u0441\u043f\u043e\u043b\u044c\u0437\u043e\u0432\u0430\u043d\u0438\u0438 \u0446\u0438\u0444\u0440\u043e\u0432\u044b\u0445 \u0441\u0435\u0440\u0432\u0438\u0441\u043e\u0432 GRIDIX \u043d\u0430 \u0434\u043e\u043c\u0435\u043d\u0430\u0445 gridix.live \u0438 app.gridix.live, \u0430 [&hellip;]<\/p>","protected":false},"author":1,"featured_media":0,"parent":0,"menu_order":0,"comment_status":"closed","ping_status":"closed","template":"","meta":{"footnotes":""},"class_list":["post-1538","page","type-page","status-publish","hentry"],"_hostinger_reach_plugin_has_subscription_block":false,"_hostinger_reach_plugin_is_elementor":false,"_links":{"self":[{"href":"https:\/\/gridix.live\/tr\/wp-json\/wp\/v2\/pages\/1538","targetHints":{"allow":["GET"]}}],"collection":[{"href":"https:\/\/gridix.live\/tr\/wp-json\/wp\/v2\/pages"}],"about":[{"href":"https:\/\/gridix.live\/tr\/wp-json\/wp\/v2\/types\/page"}],"author":[{"embeddable":true,"href":"https:\/\/gridix.live\/tr\/wp-json\/wp\/v2\/users\/1"}],"replies":[{"embeddable":true,"href":"https:\/\/gridix.live\/tr\/wp-json\/wp\/v2\/comments?post=1538"}],"version-history":[{"count":124,"href":"https:\/\/gridix.live\/tr\/wp-json\/wp\/v2\/pages\/1538\/revisions"}],"predecessor-version":[{"id":2638,"href":"https:\/\/gridix.live\/tr\/wp-json\/wp\/v2\/pages\/1538\/revisions\/2638"}],"wp:attachment":[{"href":"https:\/\/gridix.live\/tr\/wp-json\/wp\/v2\/media?parent=1538"}],"curies":[{"name":"wp","href":"https:\/\/api.w.org\/{rel}","templated":true}]}}