{"id":2140,"date":"2026-01-28T09:06:17","date_gmt":"2026-01-28T09:06:17","guid":{"rendered":"https:\/\/gridix.live\/?page_id=2140"},"modified":"2026-02-19T07:45:20","modified_gmt":"2026-02-19T07:45:20","slug":"teklif","status":"publish","type":"page","link":"https:\/\/gridix.live\/tr\/teklif\/","title":{"rendered":"Teklif s\u00f6zle\u015fmesi"},"content":{"rendered":"<div data-elementor-type=\"wp-page\" data-elementor-id=\"2140\" class=\"elementor elementor-2140\" data-elementor-post-type=\"page\">\n\t\t\t\t<div class=\"elementor-element elementor-element-6558f6d0 e-flex e-con-boxed e-con e-parent\" data-id=\"6558f6d0\" data-element_type=\"container\" data-e-type=\"container\">\n\t\t\t\t\t<div class=\"e-con-inner\">\n\t\t\t\t<div class=\"elementor-element elementor-element-54598dd5 elementor-widget elementor-widget-text-editor\" data-id=\"54598dd5\" data-element_type=\"widget\" data-e-type=\"widget\" data-widget_type=\"text-editor.default\">\n\t\t\t\t\t\t\t\t\t<p>GRIDIX platformuna ho\u015f geldiniz!<\/p><p>Hizmet \u015fartlar\u0131m\u0131z\u0131 t\u0131klad\u0131\u011f\u0131n\u0131za g\u00f6re, l\u00fctfen bir dakikan\u0131z\u0131 ay\u0131r\u0131n, bir fincan kahve veya \u00e7ay al\u0131n ve a\u015fa\u011f\u0131daki sayfalar\u0131 dikkatlice okuyun. Bu i\u015flem yakla\u015f\u0131k 20 dakika s\u00fcrecektir.<\/p><p><span dir=\"auto\">Bu h\u00fck\u00fcm ve ko\u015fullar, GRIDIX platformuna eri\u015fmek veya kullanmak isteyen t\u00fcm ziyaret\u00e7iler, kullan\u0131c\u0131lar ve di\u011fer ki\u015filer i\u00e7in ge\u00e7erlidir.<\/span><\/p><p class=\"framer-text framer-styles-preset-shfang\"><span dir=\"auto\">Halka A\u00e7\u0131k Teklif S\u00f6zle\u015fmesini ve Gizlilik Politikas\u0131n\u0131 okudu\u011funuzu ve anlad\u0131\u011f\u0131n\u0131z\u0131 kabul ediyor ve bunlara uymay\u0131 taahh\u00fct ediyorsunuz.<\/span><\/p><p class=\"framer-text framer-styles-preset-shfang\"><span dir=\"auto\">\u015eartlar\u0131 kabul etmiyorsan\u0131z (veya bunlara uyam\u0131yorsan\u0131z), GRIDIX platformunu kullanamazs\u0131n\u0131z. Bu durumda l\u00fctfen bize e-posta yoluyla bildirin. <a href=\"mailto:info@gridix.live\">info@gridix.live<\/a><\/span><span dir=\"auto\">, B\u00f6ylece bir \u00e7\u00f6z\u00fcm bulmaya \u00e7al\u0131\u015fabiliriz.\u00a0<\/span><\/p><p class=\"framer-text framer-styles-preset-shfang\"><span dir=\"auto\">Sorumlulu\u011funuz i\u00e7in te\u015fekk\u00fcr ederiz.<\/span><\/p><h3>GRIDIX Halka Arz\u0131<\/h3><p>GRIDIX platformuna (s\u00fcr\u00fcm 1.0) eri\u015fim sa\u011flanmas\u0131 hakk\u0131nda<\/p><p><strong>Yay\u0131n tarihi \/ son g\u00fcncelleme tarihi:<\/strong> 22 Ocak 2026.<\/p><hr \/><h5><strong>1. Genel H\u00fck\u00fcmler<\/strong><\/h5><p>1.1. Bu belge, \u015firketin resmi bir teklifidir (halka arz\u0131d\u0131r). <strong>GRIDIX<\/strong> (bundan sonra \u015fu \u015fekilde an\u0131lacakt\u0131r: <em>\u015eirket<\/em>) a\u015fa\u011f\u0131da belirtilen \u015fartlar ve ko\u015fullar \u00e7er\u00e7evesinde herhangi bir ehliyetli ger\u00e7ek veya t\u00fczel ki\u015fiyle (bundan sonra &quot;olarak an\u0131lacakt\u0131r&quot;) bir anla\u015fmaya girmek. <em>Kullan\u0131c\u0131<\/em>).<\/p><p>1.2. Bu Teklifin Kabul\u00fc, a\u015fa\u011f\u0131daki eylemlerden herhangi biri olarak kabul edilecektir:<\/p><ul><li>GRIDIX platformunda kullan\u0131c\u0131 kayd\u0131;<\/li><li>abonelik \u00f6demesi;<\/li><li>GRIDIX platformunun i\u015flevlerinin ger\u00e7ek kullan\u0131m\u0131.<\/li><\/ul><p>1.3. Teklifin kabul edildi\u011fi andan itibaren, s\u00f6zle\u015fme elektronik ortamda yap\u0131lm\u0131\u015f say\u0131l\u0131r ve ka\u011f\u0131t \u00fczerinde imza gerektirmez.<\/p><hr \/><h5><strong>2. Terimler ve tan\u0131mlar<\/strong><\/h5><p><strong>GRIDIX platformu<\/strong> \u2014 Gayrimenkul sekt\u00f6r\u00fcnde sat\u0131\u015f s\u00fcre\u00e7lerini, i\u015flem deste\u011fini ve hizmetlerini otomatikle\u015ftirmek i\u00e7in tasarlanm\u0131\u015f, web aray\u00fcz\u00fc, mobil uygulamalar, API ve yapay zeka mod\u00fcllerini i\u00e7eren bir yaz\u0131l\u0131m paketi (SaaS), GRIDIX hizmetleri alan adlar\u0131 \u00fczerinde. <b class=\"bold\">gridix.canl\u0131<\/b> \u0438 <b class=\"bold\">uygulama.gridix.canl\u0131<\/b>, Ayr\u0131ca dil s\u00fcr\u00fcmleri ve alt alan adlar\u0131 da dahil olmak \u00fczere.<\/p><p>GRIDIX Platformu&#039;nun (Platformun ad\u0131, unvan\u0131, yaz\u0131l\u0131m algoritmalar\u0131 ve kodlar\u0131) m\u00fcnhas\u0131r haklar\u0131 (fikri m\u00fclkiyet) Gridixlive LLC&#039;ye aittir ve uluslararas\u0131 hukuk kapsam\u0131nda telif hakk\u0131, marka ve fikri m\u00fclkiyet haklar\u0131 ile korunmaktad\u0131r.\u00a0<\/p><p><strong>Kullan\u0131c\u0131<\/strong> \u2014 GRIDIX Platformunun i\u015flevselli\u011fini kay\u0131t ettirmi\u015f ve\/veya kullanan ger\u00e7ek ki\u015fi veya t\u00fczel ki\u015fi.<\/p><p><strong>Geli\u015ftirici \/ Temsilci \/ Ajans \/ M\u00fc\u015fteri<\/strong> \u2014 GRIDIX Platformu i\u00e7inde faaliyet g\u00f6steren Kullan\u0131c\u0131 kategorileri; ancak GRIDIX, bu kullan\u0131c\u0131lar\u0131n birbirleriyle olan ili\u015fkilerini belirlemez veya kontrol etmez.<\/p><p><strong>\u0130\u00e7erik<\/strong> \u2014 Kullan\u0131c\u0131lar taraf\u0131ndan y\u00fcklenen her t\u00fcrl\u00fc veri, materyal, gayrimenkul, belge, resim, metin vb.<\/p><p><strong>Abonelik<\/strong> \u2014 Belirli bir s\u00fcre i\u00e7in GRIDIX Platformunun i\u015flevlerine \u00fccretli eri\u015fim sa\u011flanmas\u0131.<\/p><p><strong>Yapay zeka mod\u00fclleri<\/strong> \u2014 GRIDIX Platformunda kullan\u0131lan analiz ve \u00f6neri algoritmalar\u0131 ve otomatik ara\u00e7lar.<\/p><hr \/><h5><strong>3. Anla\u015fman\u0131n konusu<\/strong><\/h5><p>3.1. \u015eirket, Kullan\u0131c\u0131ya se\u00e7ilen tarife plan\u0131na uygun olarak GRIDIX Platformuna eri\u015fim hakk\u0131 sa\u011flar (GRIDIX Platformunu kullanma hakk\u0131, m\u00fcnhas\u0131r olmayan, devredilemez, herhangi bir \u015fekilde temlik edilemez, s\u0131n\u0131rl\u0131 s\u00fcreli bir hakt\u0131r).<\/p><p>3.2. GRIDIX platformu \u015fu ara\u00e7lar\u0131 sa\u011flar:<\/p><ul><li>gayrimenkul y\u00f6netimi (etkile\u015fimli satran\u00e7 tahtas\u0131, vb.);<\/li><li>dijital vitrinler ve sunumlar;<\/li><li>Kullan\u0131c\u0131ya y\u00f6nelik teknik destek;<\/li><li>Analiz ve raporlama;<\/li><li>s\u00fcre\u00e7lerin otomasyonu;<\/li><li>Yapay zeka \u00f6nerileri.<\/li><\/ul><p>3.3. GRIDIX gayrimenkul, hukuki, finansal veya yat\u0131r\u0131m hizmetleri sa\u011flamaz.<strong><br \/><\/strong><\/p><p>3.4. <strong>\u00d6NEML\u0130! \u015eirket, Kullan\u0131c\u0131lar taraf\u0131ndan yay\u0131nlanan verilerin veya herhangi bir i\u00e7eri\u011fin do\u011frulu\u011fundan, yasal yetki alan\u0131ndan veya yay\u0131nlanan bilgilerin me\u015fruiyetinden veya ge\u00e7erlili\u011finden sorumlu de\u011fildir. Kullan\u0131c\u0131lar\u0131n veya m\u00fclklerinin yetki alan\u0131n\u0131 do\u011frulamaz. Yasa d\u0131\u015f\u0131, hileli veya su\u00e7 te\u015fkil eden faaliyetleri \u00f6nlemek i\u00e7in, \u00fc\u00e7\u00fcnc\u00fc taraflar (m\u00fc\u015fteriler), yasal uyumlulu\u011fu do\u011frulamak ve GRIDIX platformu Kullan\u0131c\u0131lar\u0131ndan gerekli destekleyici belgeleri talep etmek sorumlulu\u011funu \u00fcstlenir.<\/strong><\/p><hr \/><h5><strong>4. GRIDIX Durumu ve Yasal Uyar\u0131<\/strong><\/h5><p>4.1 GRIDIX yaln\u0131zca <strong>teknolojik platform<\/strong> ve yaz\u0131l\u0131m tedarik\u00e7isi.<\/p><p>4.2. GRIDIX <strong>de\u011fil<\/strong>:<\/p><ul><li>gayrimenkul i\u015flemlerine taraf;<\/li><li>Kullan\u0131c\u0131lar\u0131n temsilcisi, komisyoncusu, vekili veya avukat\u0131;<\/li><li>gayrimenkul sat\u0131c\u0131s\u0131, geli\u015ftiricisi veya al\u0131c\u0131s\u0131;<\/li><li>Finansal veya \u00f6deme arac\u0131 kurulu\u015fu.<\/li><\/ul><p>4.3. T\u00fcm i\u015flemler, anla\u015fmalar, s\u00f6zle\u015fmeler ve y\u00fck\u00fcml\u00fcl\u00fckler do\u011far. <strong>Sadece Kullan\u0131c\u0131lar ve \u00fc\u00e7\u00fcnc\u00fc taraflar aras\u0131nda ge\u00e7erlidir.<\/strong>, GRIDIX&#039;in kat\u0131l\u0131m\u0131 olmadan.<\/p><hr \/><h5><strong>5. Kay\u0131t ve hesap<\/strong><\/h5><p>5.1. Kullan\u0131c\u0131, kay\u0131t s\u0131ras\u0131nda do\u011fru bilgi vermeyi taahh\u00fct eder.\u00a0<\/p><p>5.2. Hesap verilerinin g\u00fcvenli\u011finden tamamen Kullan\u0131c\u0131 sorumludur.<\/p><p>5.3. \u015eirket a\u015fa\u011f\u0131daki haklara sahiptir:<\/p><ul><li>eri\u015fimi ask\u0131ya al;<\/li><li>i\u015flevselli\u011fi s\u0131n\u0131rlamak;<\/li><li>Teklifin \u015fartlar\u0131 veya yasa ihlal edilirse hesap bloke edilir veya silinir.<\/li><\/ul><hr \/><h5><strong>6. \u0130\u00e7erik ve Kullan\u0131c\u0131 Verileri<\/strong><\/h5><p>6.1. Kullan\u0131c\u0131, \u0130\u00e7eri\u011fi ba\u011f\u0131ms\u0131z olarak yay\u0131nlar ve kullan\u0131m haklar\u0131n\u0131n mevcut oldu\u011funu garanti eder.<\/p><p>6.2. GRIDIX, \u0130\u00e7eri\u011fin orijinalli\u011fine ili\u015fkin \u00f6n do\u011frulama yapmaz.<\/p><p>6.3. Kullan\u0131c\u0131 a\u015fa\u011f\u0131dakilerden tamamen sorumludur:<\/p><ul><li>Veri do\u011frulu\u011fu;<\/li><li>GRIDIX Platformunda oturum a\u00e7ma bilgilerinizin ve \u015fifrenizin g\u00fcvenli\u011fi ile hesab\u0131n\u0131za yetkisiz eri\u015fime kar\u015f\u0131 \u00f6nlem al\u0131nmas\u0131;<\/li><li>Mevzuata uyum;<\/li><li>\u00fc\u00e7\u00fcnc\u00fc \u015fah\u0131slar\u0131n haklar\u0131n\u0131n ihlali.<\/li><\/ul><p>6.4. GRIDIX, Teklifin \u015fartlar\u0131n\u0131 veya yasal gereklilikleri ihlal eden \u0130\u00e7eri\u011fi kald\u0131rma hakk\u0131n\u0131 sakl\u0131 tutar.<\/p><p>6.5. Kullan\u0131c\u0131, \u015eirketin reklam amac\u0131yla GRIDIX Platformunda ve di\u011fer pazarlama materyallerinde ve etkinliklerinde kullan\u0131c\u0131n\u0131n logosunu ve di\u011fer verilerini kullanma hakk\u0131n\u0131 onaylar.<\/p><hr \/><h5><strong>7. Yapay zeka mod\u00fclleri ve otomatik \u00f6neriler<\/strong><\/h5><p>7.1. Yapay zeka mod\u00fclleri \u00f6neriler sunar. <strong>Sadece bilgilendirme ama\u00e7l\u0131d\u0131r.<\/strong>.<\/p><p>7.2. Yapay zeka \u00e7al\u0131\u015fmalar\u0131n\u0131n sonu\u00e7lar\u0131:<\/p><ul><li>Bu metin yasal, mali veya yat\u0131r\u0131m tavsiyesi niteli\u011fi ta\u015f\u0131maz;<\/li><li>Ticari sonu\u00e7lar\u0131 garanti etmez.<\/li><\/ul><p>7.3. Kullan\u0131c\u0131 ve \u00fc\u00e7\u00fcnc\u00fc taraflar kararlar al\u0131r. <strong>kendi ba\u015f\u0131na<\/strong> ve sorumluluk tamamen size aittir.<\/p><hr \/><h5><strong>8. Abonelik, tarifeler ve \u00f6deme<\/strong><\/h5><p>8.1. GRIDIX Platformuna eri\u015fim, \u00fccretli abonelik esas\u0131na g\u00f6re sa\u011flanmaktad\u0131r.<\/p><p>8.2. G\u00fcncel fiyatlar GRIDIX Platformunda yay\u0131nlanmaktad\u0131r. Abonelik fiyat\u0131nda yap\u0131lacak herhangi bir de\u011fi\u015fiklik, mevcut faturalama d\u00f6neminin sonunda y\u00fcr\u00fcrl\u00fc\u011fe girecektir.<\/p><p>8.3. Abonelik bedeli pe\u015fin olarak \u00f6denir.<\/p><p>8.4. <span style=\"font-weight: 400;\">Geri \u00f6demeler, \u015eirketin platformunda yay\u0131nlanan Geri \u00d6deme Politikas\u0131&#039;na tabidir.<\/span><\/p><p>8.5. \u015eirket, Kullan\u0131c\u0131n\u0131n dahili teknik s\u00fcre\u00e7leri i\u00e7in GRIDIX Platformunda ek hizmetler sa\u011flayabilir. Bu hizmetler \u015eirket taraf\u0131ndan ek \u00fccret kar\u015f\u0131l\u0131\u011f\u0131nda sunulmaktad\u0131r.<\/p><hr \/><h5><strong>9. Sorumlulu\u011fun S\u0131n\u0131rland\u0131r\u0131lmas\u0131<\/strong><\/h5><p>9.1 GRIDIX platformu s\u00f6zle\u015fme esas\u0131nda sa\u011flanmaktad\u0131r. <strong>\u201cOLDU\u011eU G\u0130B\u0130\u201d<\/strong> (&quot;oldu\u011fu gibi&quot;).<\/p><p>9.2. GRIDIX a\u015fa\u011f\u0131dakileri garanti etmez:<\/p><ul><li>kesintisiz \u00e7al\u0131\u015fma;<\/li><li>Hatalar\u0131n olmamas\u0131;<\/li><li>Finansal veya ticari sonu\u00e7lara ula\u015fmak.<\/li><\/ul><p>9.3. GRIDIX&#039;in azami sorumlulu\u011fu, Kullan\u0131c\u0131 taraf\u0131ndan son \u00f6deme d\u00f6nemi i\u00e7in Abonelik ad\u0131na fiilen \u00f6denen tutarla s\u0131n\u0131rl\u0131d\u0131r. Kay\u0131p k\u00e2rlar tazmin edilmeyecektir.\u00a0<\/p><p>9.4. \u015eirket, gerekli planl\u0131\/plans\u0131z bak\u0131m ve onar\u0131m \u00e7al\u0131\u015fmalar\u0131n\u0131 ger\u00e7ekle\u015ftirmek i\u00e7in GRIDIX Platformunun i\u015fletimini ask\u0131ya alabilir.<\/p><hr \/><h5><strong>10. M\u00fccbir sebep<\/strong><\/h5><p>10.1. GRIDIX, a\u015fa\u011f\u0131dakiler de dahil ancak bunlarla s\u0131n\u0131rl\u0131 olmamak \u00fczere m\u00fccbir sebep halleri nedeniyle y\u00fck\u00fcml\u00fcl\u00fcklerini yerine getirememesinden do\u011facak sorumluluktan muaft\u0131r:<\/p><ul><li>devlet kurumlar\u0131n\u0131n eylemleri;<\/li><li>yapt\u0131r\u0131mlar;<\/li><li>altyap\u0131 ar\u0131zalar\u0131;<\/li><li>Sava\u015flar, salg\u0131n hastal\u0131klar, hizmet kesintileri.<\/li><\/ul><hr \/><h5><strong>11. Ki\u015fisel veriler ve gizlilik<\/strong><\/h5><p>11.1. Ki\u015fisel veriler GRIDIX Gizlilik Politikas\u0131&#039;na uygun olarak i\u015flenir.<\/p><p>11.2. Kullan\u0131c\u0131 ve \u00fc\u00e7\u00fcnc\u00fc taraflar, verilerin s\u0131n\u0131r \u00f6tesi transferini kabul eder.<\/p><hr \/><h5><strong>12. S\u00fcre ve Fesih<\/strong><\/h5><p>12.1. Bu S\u00f6zle\u015fme, Gizlilik Politikas\u0131na uygun veri i\u015fleme a\u00e7\u0131s\u0131ndan, kabul an\u0131ndan GRIDIX Platformunun kullan\u0131m\u0131n\u0131n sona ermesine kadar ge\u00e7erlidir.<\/p><p>12.2. GRIDIX, Teklif \u015fartlar\u0131n\u0131n ihlal edilmesi durumunda s\u00f6zle\u015fmeyi tek tarafl\u0131 olarak feshetme hakk\u0131na sahiptir.<\/p><hr \/><h5><strong>13. Uygulanacak hukuk ve yarg\u0131 yetkisi<\/strong><\/h5><p>13.1. Bu Teklif a\u015fa\u011f\u0131daki \u015fartlara tabidir: <strong>Birle\u015fik Arap Emirlikleri (BAE) kanunu<\/strong>.<\/p><p>13.2. T\u00fcm ihtilaflar, \u015eirketin takdirine ba\u011fl\u0131 olarak yetkili mahkemelerde \u00e7\u00f6z\u00fcmlenecektir.<\/p><p>13.3. Elektronik belgeler\/materyaller\/yaz\u0131\u015fmalar ve di\u011fer bilgi al\u0131\u015fveri\u015fleri yasal ge\u00e7erlili\u011fe sahiptir.<\/p><hr \/><h5><strong>14. De\u011fi\u015fiklikler\u00a0<\/strong><\/h5><p>\u015eirket, Teklifin \u015fartlar\u0131n\u0131 ve tarifelerini tek tarafl\u0131 olarak de\u011fi\u015ftirme hakk\u0131n\u0131 sakl\u0131 tutar. G\u00fcncel s\u00fcr\u00fcm GRIDIX platformunda yay\u0131nlanmaktad\u0131r. GRIDIX platformunun kullan\u0131m\u0131na devam edilmesi, Kullan\u0131c\u0131n\u0131n yeni s\u00fcr\u00fcme ko\u015fulsuz onay\u0131n\u0131 te\u015fkil eder.<\/p><hr \/><h5><strong>15. \u0130leti\u015fim bilgileri<\/strong><\/h5><p><strong>Operat\u00f6r (Kontrol\u00f6r\/Operat\u00f6r):<\/strong> Dimpulse Tech Limited<br \/><strong>Adres:<\/strong> Gate Avenue, Dubai Uluslararas\u0131 Finans Merkezi (DIFC), Dubai, Birle\u015fik Arap Emirlikleri<br \/><strong>Lisans numaras\u0131:<\/strong> CL9051<br \/><strong>Kay\u0131t numaras\u0131 ve kay\u0131t tarihi:<\/strong> 9051, 29 A\u011fustos 2024<br \/><strong>Vergi Kay\u0131t Numaras\u0131 (TRN):<\/strong> 104741389100001<br \/><strong>Sorular\u0131n\u0131z i\u00e7in e-posta adresi:<\/strong> <a href=\"mailto:info@gridix.live\">info@gridix.live<\/a><br \/><strong>Telefon:<\/strong> +971 54 297 0450<br \/><strong>M\u00fcd\u00fcr:<\/strong> Davydov Denis Yuryevich<\/p><h5>\u00a0\u00a0<\/h5>\t\t\t\t\t\t\t\t<\/div>\n\t\t\t\t\t<\/div>\n\t\t\t\t<\/div>\n\t\t\t\t<\/div>","protected":false},"excerpt":{"rendered":"<p>\u0414\u043e\u0431\u0440\u043e \u043f\u043e\u0436\u0430\u043b\u043e\u0432\u0430\u0442\u044c \u043d\u0430 \u043f\u043b\u0430\u0442\u0444\u043e\u0440\u043c\u0443 GRIDIX! \u041f\u043e\u0441\u043a\u043e\u043b\u044c\u043a\u0443 \u0432\u044b \u0442\u043e\u043b\u044c\u043a\u043e \u0447\u0442\u043e \u043f\u0435\u0440\u0435\u0448\u043b\u0438 \u043f\u043e \u0441\u0441\u044b\u043b\u043a\u0435 \u043d\u0430 \u043d\u0430\u0448\u0438 \u0443\u0441\u043b\u043e\u0432\u0438\u044f \u043f\u0440\u0435\u0434\u043e\u0441\u0442\u0430\u0432\u043b\u0435\u043d\u0438\u044f \u0443\u0441\u043b\u0443\u0433, \u043f\u043e\u0436\u0430\u043b\u0443\u0439\u0441\u0442\u0430, \u0441\u0434\u0435\u043b\u0430\u0439\u0442\u0435 \u043f\u0430\u0443\u0437\u0443, \u0432\u043e\u0437\u044c\u043c\u0438\u0442\u0435 \u0447\u0430\u0448\u043a\u0443 \u043a\u043e\u0444\u0435\/\u0447\u0430\u044f \u0438 \u0432\u043d\u0438\u043c\u0430\u0442\u0435\u043b\u044c\u043d\u043e \u043f\u0440\u043e\u0447\u0438\u0442\u0430\u0439\u0442\u0435 \u0441\u043b\u0435\u0434\u0443\u044e\u0449\u0438\u0435 \u0441\u0442\u0440\u0430\u043d\u0438\u0446\u044b. \u042d\u0442\u043e \u0437\u0430\u0439\u043c\u0435\u0442 \u0443 \u0432\u0430\u0441 \u043f\u0440\u0438\u0431\u043b\u0438\u0437\u0438\u0442\u0435\u043b\u044c\u043d\u043e 20 \u043c\u0438\u043d\u0443\u0442. \u041d\u0430\u0441\u0442\u043e\u044f\u0449\u0438\u0435 \u0443\u0441\u043b\u043e\u0432\u0438\u044f \u043f\u0440\u0438\u043c\u0435\u043d\u044f\u044e\u0442\u0441\u044f \u043a\u043e \u0432\u0441\u0435\u043c \u043f\u043e\u0441\u0435\u0442\u0438\u0442\u0435\u043b\u044f\u043c, \u043f\u043e\u043b\u044c\u0437\u043e\u0432\u0430\u0442\u0435\u043b\u044f\u043c \u0438 \u0434\u0440\u0443\u0433\u0438\u043c \u043b\u0438\u0446\u0430\u043c, \u0436\u0435\u043b\u0430\u044e\u0449\u0438\u043c \u043f\u043e\u043b\u0443\u0447\u0438\u0442\u044c \u0434\u043e\u0441\u0442\u0443\u043f \u043a \u043f\u043b\u0430\u0442\u0444\u043e\u0440\u043c\u0435 GRIDIX \u0438\u043b\u0438 \u0438\u0441\u043f\u043e\u043b\u044c\u0437\u043e\u0432\u0430\u0442\u044c \u0435\u0435. \u0412\u044b [&hellip;]<\/p>","protected":false},"author":2,"featured_media":0,"parent":0,"menu_order":0,"comment_status":"closed","ping_status":"closed","template":"","meta":{"footnotes":""},"class_list":["post-2140","page","type-page","status-publish","hentry"],"_hostinger_reach_plugin_has_subscription_block":false,"_hostinger_reach_plugin_is_elementor":false,"_links":{"self":[{"href":"https:\/\/gridix.live\/tr\/wp-json\/wp\/v2\/pages\/2140","targetHints":{"allow":["GET"]}}],"collection":[{"href":"https:\/\/gridix.live\/tr\/wp-json\/wp\/v2\/pages"}],"about":[{"href":"https:\/\/gridix.live\/tr\/wp-json\/wp\/v2\/types\/page"}],"author":[{"embeddable":true,"href":"https:\/\/gridix.live\/tr\/wp-json\/wp\/v2\/users\/2"}],"replies":[{"embeddable":true,"href":"https:\/\/gridix.live\/tr\/wp-json\/wp\/v2\/comments?post=2140"}],"version-history":[{"count":97,"href":"https:\/\/gridix.live\/tr\/wp-json\/wp\/v2\/pages\/2140\/revisions"}],"predecessor-version":[{"id":2790,"href":"https:\/\/gridix.live\/tr\/wp-json\/wp\/v2\/pages\/2140\/revisions\/2790"}],"wp:attachment":[{"href":"https:\/\/gridix.live\/tr\/wp-json\/wp\/v2\/media?parent=2140"}],"curies":[{"name":"wp","href":"https:\/\/api.w.org\/{rel}","templated":true}]}}