{"id":3339,"date":"2026-03-26T11:53:48","date_gmt":"2026-03-26T11:53:48","guid":{"rendered":"https:\/\/gridix.live\/?page_id=3339"},"modified":"2026-03-26T13:41:26","modified_gmt":"2026-03-26T13:41:26","slug":"bitrix24-icin-eula-gridix-widgeti","status":"publish","type":"page","link":"https:\/\/gridix.live\/tr\/bitrix24-icin-eula-gridix-widgeti\/","title":{"rendered":"GRIDIX B\u0130LG\u0130SAYAR PROGRAMININ KULLANIMINA \u0130L\u0130\u015eK\u0130N L\u0130SANS S\u00d6ZLE\u015eMES\u0130"},"content":{"rendered":"<div data-elementor-type=\"wp-page\" data-elementor-id=\"3339\" class=\"elementor elementor-3339\" data-elementor-post-type=\"page\">\n\t\t\t\t<div class=\"elementor-element elementor-element-6558f6d0 e-flex e-con-boxed e-con e-parent\" data-id=\"6558f6d0\" data-element_type=\"container\" data-e-type=\"container\">\n\t\t\t\t\t<div class=\"e-con-inner\">\n\t\t\t\t<div class=\"elementor-element elementor-element-54598dd5 elementor-widget elementor-widget-text-editor\" data-id=\"54598dd5\" data-element_type=\"widget\" data-e-type=\"widget\" data-widget_type=\"text-editor.default\">\n\t\t\t\t\t\t\t\t\t<h1>L\u0130SANS S\u00d6ZLE\u015eMES\u0130<\/h1><h2>B\u0130LG\u0130SAYAR PROGRAMININ KULLANIMI \u0130\u00c7\u0130N<\/h2><p>\u00abGRIDIX: AKILLI KATALOG \/ Bir i\u015flemdeki nesnelerin satran\u00e7 tahtas\u0131\u00bb<\/p><p>De\u011ferli Kullan\u0131c\u0131! Yaz\u0131l\u0131m\u0131 kurmadan, kopyalamadan veya ba\u015fka bir \u015fekilde kullanmadan \u00f6nce, l\u00fctfen bu S\u00f6zle\u015fmenin \u015fartlar\u0131n\u0131 dikkatlice okuyun. Bu S\u00f6zle\u015fme, kat\u0131l\u0131m s\u00f6zle\u015fmesinin standart bir bi\u00e7imidir ve yaz\u0131l\u0131 olarak veya Rusya Federasyonu&#039;nun y\u00fcr\u00fcrl\u00fckteki mevzuat\u0131nda \u00f6ng\u00f6r\u00fclen ba\u015fka bir \u015fekilde akdedilebilir. Bu S\u00f6zle\u015fmenin \u015fartlar\u0131n\u0131 kabul etmiyorsan\u0131z, Yaz\u0131l\u0131m\u0131 kullanamazs\u0131n\u0131z. Yaz\u0131l\u0131m\u0131 kurmak, \u00e7al\u0131\u015ft\u0131rmak veya ba\u015fka bir \u015fekilde kullanmak, bu S\u00f6zle\u015fmenin t\u00fcm \u015fartlar\u0131n\u0131 tam olarak kabul etti\u011finiz ve Rusya Federasyonu Medeni Kanunu&#039;nun 1286. maddesinin 3. f\u0131kras\u0131na uygun olarak usul\u00fcne uygun olarak yerine getirdi\u011finiz anlam\u0131na gelir.<\/p><p>Bu S\u00f6zle\u015fme yasal olarak ba\u011flay\u0131c\u0131d\u0131r. \u015eartlar\u0131n\u0131 kabul etmiyorsan\u0131z, Yaz\u0131l\u0131m\u0131 y\u00fckleyemez ve t\u00fcm bile\u015fenlerini Bitrix24 portal\u0131n\u0131zdan kald\u0131rman\u0131z gerekir.<\/p><p>Bu Lisans S\u00f6zle\u015fmesi (bundan sonra S\u00f6zle\u015fme olarak an\u0131lacakt\u0131r) a\u015fa\u011f\u0131daki taraflar aras\u0131nda akdedilmi\u015ftir: <strong>Dimpulse Tech Limited<\/strong> (bundan sonra Lisans Veren olarak an\u0131lacakt\u0131r) ve \u00abGRIDIX: AKILLI KATALOG \/ \u0130\u015flemdeki nesnelerin satran\u00e7 tahtas\u0131\u00bb (bundan sonra Yaz\u0131l\u0131m olarak an\u0131lacakt\u0131r) bilgisayar program\u0131n\u0131n Kullan\u0131c\u0131s\u0131 (herhangi bir birey, \u015fah\u0131s i\u015fletmesi sahibi, t\u00fczel ki\u015fi).<\/p><h2>Temel terimler<\/h2><p><strong>\u0130LE<\/strong> \u2013 Lisans Verene ait olan ve m\u00fcnhas\u0131r haklar\u0131 bulunan \u00abGRIDIX: SMART CATALOG \/ Chessboard of objects in a transaction\u00bb bilgisayar program\u0131 (hem b\u00fct\u00fcn\u00fcyle hem de bile\u015fenleri), widget, API, entegrasyonlar ve ilgili hizmetler dahil.<\/p><p><strong>Yaz\u0131l\u0131m\u0131n demo s\u00fcr\u00fcm\u00fc<\/strong> \u2013 \u0130\u015flevsel veya zamansal s\u0131n\u0131rlamalar\u0131 olan, yaln\u0131zca inceleme ve test amac\u0131yla sa\u011flanan bir yaz\u0131l\u0131m s\u00fcr\u00fcm\u00fc.<\/p><h2>1. Anla\u015fman\u0131n Konusu<\/h2><p>1.1. Lisans Veren, Kullan\u0131c\u0131ya Yaz\u0131l\u0131m\u0131 Bitrix24 ortam\u0131na kurarak ve kullanarak basit (m\u00fcnhas\u0131r olmayan) bir lisans ko\u015fullar\u0131 alt\u0131nda kullanma hakk\u0131 verir.<\/p><p>1.2. Yaz\u0131l\u0131m tek bir \u00e7\u00f6z\u00fcm olarak lisanslanm\u0131\u015ft\u0131r. Bile\u015fenleri ayr\u0131 ayr\u0131 veya farkl\u0131 portallarda kullan\u0131lamaz.<\/p><p>1.3. Bu S\u00f6zle\u015fme, Yaz\u0131l\u0131m\u0131n kullan\u0131m\u0131n\u0131n ba\u015flamas\u0131yla y\u00fcr\u00fcrl\u00fc\u011fe girer ve Lisans Verenin haklar\u0131n\u0131n t\u00fcm s\u00fcresi boyunca ge\u00e7erli kal\u0131r.<\/p><p>1.4. Yaz\u0131l\u0131m, y\u00fcr\u00fcrl\u00fckteki yasalarca aksi yasaklanmad\u0131\u011f\u0131 s\u00fcrece, herhangi bir \u00fclkede kullan\u0131labilir.<\/p><h2>2. Telif Hakk\u0131<\/h2><p>2.1. Yaz\u0131l\u0131m, fikri m\u00fclkiyet konusu olup uluslararas\u0131 hukuk taraf\u0131ndan korunmaktad\u0131r.<\/p><p>2.2. Yaz\u0131l\u0131m, Lisans Verenin ticari s\u0131rlar\u0131n\u0131 ve gizli bilgilerini i\u00e7erebilir.<\/p><p>2.3. Yaz\u0131l\u0131m\u0131n bu S\u00f6zle\u015fmenin \u015fartlar\u0131na ayk\u0131r\u0131 herhangi bir \u015fekilde kullan\u0131lmas\u0131, Lisans Verenin haklar\u0131n\u0131n ihlali olarak kabul edilecektir.<\/p><p>2.4. Lisans veren, Yaz\u0131l\u0131ma ili\u015fkin gerekli t\u00fcm haklara sahip oldu\u011funu teyit eder.<\/p><h2>3. Kullan\u0131m \u015eartlar\u0131 ve K\u0131s\u0131tlamalar<\/h2><p>3.1. Kullan\u0131c\u0131, bir Bitrix24 portal\u0131 i\u00e7inde Yaz\u0131l\u0131m\u0131n kurulu bir kopyas\u0131n\u0131 kullanma hakk\u0131na sahiptir.<\/p><p>3.2. Kullan\u0131c\u0131n\u0131n a\u015fa\u011f\u0131daki haklar\u0131 yoktur:<\/p><ul><li><p>Yaz\u0131l\u0131m\u0131 de\u011fi\u015ftirmek, derlemesini tersine \u00e7evirmek, par\u00e7alar\u0131na ay\u0131rmak;<\/p><\/li><li><p>Yaz\u0131l\u0131m\u0131 \u00fc\u00e7\u00fcnc\u00fc taraflara da\u011f\u0131tmak, satmak veya devretmek;<\/p><\/li><li><p>Yaz\u0131l\u0131m\u0131, Lisans Verenin izni olmadan \u00fc\u00e7\u00fcnc\u00fc \u015fah\u0131slar\u0131n yarar\u0131na kullanmak;<\/p><\/li><li><p>Yasaya ayk\u0131r\u0131 \u015fekilde yaz\u0131l\u0131m kullanmak.<\/p><\/li><\/ul><p>3.3. Kullan\u0131c\u0131, telif hakk\u0131 bildirimlerini kald\u0131rmamakla y\u00fck\u00fcml\u00fcd\u00fcr.<\/p><h2>4. Taraflar\u0131n Sorumluluklar\u0131<\/h2><p>4.1. Taraflar, S\u00f6zle\u015fme \u015fartlar\u0131n\u0131n herhangi bir ihlalinden y\u00fcr\u00fcrl\u00fckteki yasalara uygun olarak sorumlu olacakt\u0131r.<\/p><p>4.2. Lisans veren a\u015fa\u011f\u0131dakilerden sorumlu de\u011fildir:<\/p><ul><li><p>kar kayb\u0131;<\/p><\/li><li><p>Veri kayb\u0131;<\/p><\/li><li><p>Dolayl\u0131 veya tesad\u00fcfi zararlar.<\/p><\/li><\/ul><p>Yaz\u0131l\u0131m &quot;oldu\u011fu gibi&quot; sa\u011flanmaktad\u0131r.<\/p><h2>5. S\u0131n\u0131rl\u0131 garanti ve teknik destek<\/h2><p>5.1. Lisans veren, kullan\u0131c\u0131lara teknik destek sa\u011flar.<\/p><p>5.2. Teknik destek d\u00fczenlemeleri:<\/p><ul><li><p>\u00c7al\u0131\u015fma g\u00fcnleri: Pazartesi \u2013 Cuma<\/p><\/li><li><p>A\u00e7\u0131l\u0131\u015f saatleri: 10:00 \u2013 19:00 (UTC+4)<\/p><\/li><li><p>Destek kanal\u0131: <a href=\"mailto:support@gridix.live\">support@gridix.live<\/a><\/p><\/li><\/ul><p>5.3. Talebe yan\u0131t s\u00fcresi:<\/p><ul><li><p>\u0130lk yan\u0131t s\u00fcresi - i\u015f g\u00fcnlerinde 24 saate kadar.<\/p><\/li><\/ul><p>5.4. Yaz\u0131l\u0131m g\u00fcncellemeleri Yaz\u0131l\u0131m\u0131n bir par\u00e7as\u0131d\u0131r ve bu S\u00f6zle\u015fmeye tabidir.<\/p><p>5.5. Lisans veren, yaz\u0131l\u0131m\u0131n hatas\u0131z ve kesintisiz \u00e7al\u0131\u015fmas\u0131n\u0131 garanti etmez.<\/p><p>5.6. Hata d\u00fczeltme s\u00fcresi garanti edilmez ve g\u00f6revin karma\u015f\u0131kl\u0131\u011f\u0131na ba\u011fl\u0131d\u0131r.<\/p><h2>6. Ge\u00e7erlilik, de\u011fi\u015fiklik ve fesih<\/h2><p>6.1 Bu Anla\u015fma, kanunen aksi \u00f6ng\u00f6r\u00fclmedik\u00e7e, Birle\u015fik Arap Emirlikleri (BAE) kanunlar\u0131na tabi olacakt\u0131r.<\/p><p>6.2. Lisans veren, s\u00f6zle\u015fme \u015fartlar\u0131n\u0131n ihlal edilmesi durumunda s\u00f6zle\u015fmeyi feshetme hakk\u0131na sahiptir.<\/p><p>6.3. S\u00f6zle\u015fmenin sona ermesi \u00fczerine, Kullan\u0131c\u0131 Yaz\u0131l\u0131m\u0131 kullanmay\u0131 b\u0131rakmak ve silmekle y\u00fck\u00fcml\u00fcd\u00fcr.<\/p><p>6.4. Kullan\u0131c\u0131, yaz\u0131l\u0131m\u0131 diledi\u011fi zaman kullanmay\u0131 b\u0131rakma hakk\u0131na sahiptir.<\/p><p>6.5. S\u00f6zle\u015fmenin baz\u0131 h\u00fck\u00fcmlerinin ge\u00e7ersizli\u011fi, S\u00f6zle\u015fmenin tamam\u0131n\u0131 etkilemez.<\/p><p>6.6. Bu S\u00f6zle\u015fme t\u00fcm yaz\u0131l\u0131m g\u00fcncellemeleri i\u00e7in ge\u00e7erlidir.<\/p><h2>7. \u0130leti\u015fim bilgileri<\/h2><p><strong>\u015eirket:<\/strong> Dimpulse Tech Limited<br \/><strong>Adres:<\/strong> DIFC, Dubai, BAE<br \/><strong>E-posta:<\/strong> <a href=\"mailto:info@gridix.live\">info@gridix.live<\/a><br \/><strong>Destek:<\/strong> <a href=\"mailto:support@gridix.live\">support@gridix.live<\/a><br \/><strong>Telefon:<\/strong> +971 54 297 0450<\/p>\t\t\t\t\t\t\t\t<\/div>\n\t\t\t\t\t<\/div>\n\t\t\t\t<\/div>\n\t\t\t\t<\/div>","protected":false},"excerpt":{"rendered":"<p>\u041b\u0418\u0426\u0415\u041d\u0417\u0418\u041e\u041d\u041d\u041e\u0415 \u0421\u041e\u0413\u041b\u0410\u0428\u0415\u041d\u0418\u0415 \u041d\u0410 \u0418\u0421\u041f\u041e\u041b\u042c\u0417\u041e\u0412\u0410\u041d\u0418\u0415 \u041f\u0420\u041e\u0413\u0420\u0410\u041c\u041c\u042b \u0414\u041b\u042f \u042d\u0412\u041c \u00abGRIDIX: SMART CATALOG \/ \u0428\u0430\u0445\u043c\u0430\u0442\u043a\u0430 \u043e\u0431\u044a\u0435\u043a\u0442\u043e\u0432 \u0432 \u0441\u0434\u0435\u043b\u043a\u0435\u00bb \u0423\u0432\u0430\u0436\u0430\u0435\u043c\u044b\u0439 \u041f\u043e\u043b\u044c\u0437\u043e\u0432\u0430\u0442\u0435\u043b\u044c! \u041f\u0435\u0440\u0435\u0434 \u043d\u0430\u0447\u0430\u043b\u043e\u043c \u0443\u0441\u0442\u0430\u043d\u043e\u0432\u043a\u0438, \u043a\u043e\u043f\u0438\u0440\u043e\u0432\u0430\u043d\u0438\u044f \u043b\u0438\u0431\u043e \u0438\u043d\u043e\u0433\u043e \u0438\u0441\u043f\u043e\u043b\u044c\u0437\u043e\u0432\u0430\u043d\u0438\u044f \u041f\u041e \u0432\u043d\u0438\u043c\u0430\u0442\u0435\u043b\u044c\u043d\u043e \u043e\u0437\u043d\u0430\u043a\u043e\u043c\u044c\u0442\u0435\u0441\u044c \u0441 \u0443\u0441\u043b\u043e\u0432\u0438\u044f\u043c\u0438 \u043d\u0430\u0441\u0442\u043e\u044f\u0449\u0435\u0433\u043e \u0421\u043e\u0433\u043b\u0430\u0448\u0435\u043d\u0438\u044f, \u044f\u0432\u043b\u044f\u044e\u0449\u0435\u0433\u043e\u0441\u044f \u0441\u0442\u0430\u043d\u0434\u0430\u0440\u0442\u043d\u043e\u0439 \u0444\u043e\u0440\u043c\u043e\u0439 \u0434\u043e\u0433\u043e\u0432\u043e\u0440\u0430 \u043f\u0440\u0438\u0441\u043e\u0435\u0434\u0438\u043d\u0435\u043d\u0438\u044f \u0438 \u0437\u0430\u043a\u043b\u044e\u0447\u0430\u0435\u043c\u043e\u0433\u043e \u0432 \u043f\u0438\u0441\u044c\u043c\u0435\u043d\u043d\u043e\u0439 \u0438\u043b\u0438 \u0438\u043d\u043e\u0439 \u0444\u043e\u0440\u043c\u0435, \u043f\u0440\u0435\u0434\u0443\u0441\u043c\u043e\u0442\u0440\u0435\u043d\u043d\u043e\u0439 \u0434\u0435\u0439\u0441\u0442\u0432\u0443\u044e\u0449\u0438\u043c \u0437\u0430\u043a\u043e\u043d\u043e\u0434\u0430\u0442\u0435\u043b\u044c\u0441\u0442\u0432\u043e\u043c \u0420\u043e\u0441\u0441\u0438\u0439\u0441\u043a\u043e\u0439 \u0424\u0435\u0434\u0435\u0440\u0430\u0446\u0438\u0438. \u0415\u0441\u043b\u0438 \u0432\u044b \u043d\u0435 \u0441\u043e\u0433\u043b\u0430\u0441\u043d\u044b \u0441 \u0443\u0441\u043b\u043e\u0432\u0438\u044f\u043c\u0438 \u043d\u0430\u0441\u0442\u043e\u044f\u0449\u0435\u0433\u043e [&hellip;]<\/p>","protected":false},"author":3,"featured_media":0,"parent":0,"menu_order":0,"comment_status":"closed","ping_status":"closed","template":"","meta":{"footnotes":""},"class_list":["post-3339","page","type-page","status-publish","hentry"],"_hostinger_reach_plugin_has_subscription_block":false,"_hostinger_reach_plugin_is_elementor":false,"_links":{"self":[{"href":"https:\/\/gridix.live\/tr\/wp-json\/wp\/v2\/pages\/3339","targetHints":{"allow":["GET"]}}],"collection":[{"href":"https:\/\/gridix.live\/tr\/wp-json\/wp\/v2\/pages"}],"about":[{"href":"https:\/\/gridix.live\/tr\/wp-json\/wp\/v2\/types\/page"}],"author":[{"embeddable":true,"href":"https:\/\/gridix.live\/tr\/wp-json\/wp\/v2\/users\/3"}],"replies":[{"embeddable":true,"href":"https:\/\/gridix.live\/tr\/wp-json\/wp\/v2\/comments?post=3339"}],"version-history":[{"count":8,"href":"https:\/\/gridix.live\/tr\/wp-json\/wp\/v2\/pages\/3339\/revisions"}],"predecessor-version":[{"id":3347,"href":"https:\/\/gridix.live\/tr\/wp-json\/wp\/v2\/pages\/3339\/revisions\/3347"}],"wp:attachment":[{"href":"https:\/\/gridix.live\/tr\/wp-json\/wp\/v2\/media?parent=3339"}],"curies":[{"name":"wp","href":"https:\/\/api.w.org\/{rel}","templated":true}]}}